{"id":7,"date":"2021-11-17T13:14:52","date_gmt":"2021-11-17T13:14:52","guid":{"rendered":"https:\/\/caf.cpeip.cl\/?page_id=7"},"modified":"2022-06-29T21:10:34","modified_gmt":"2022-06-29T21:10:34","slug":"inicio","status":"publish","type":"page","link":"https:\/\/caf.cpeip.cl\/","title":{"rendered":"Bienvenido\/a al Sistema de Registro y Certificaci\u00f3n de Acciones Formativas"},"content":{"rendered":"<div class=\"menu-menu_home-container\"><li id=\"menu-item-139\" class=\"menu-item menu-item-type-post_type menu-item-object-page menu-item-139\"><a href=\"https:\/\/caf.cpeip.cl\/index.php\/certificacion-de-acciones-formativas\/\">Certificaci\u00f3n de Acciones Formativas<\/a><span class=\"description\">Proceso a trav\u00e9s del cual el CPEIP garantiza que las propuestas de acciones formativas presentadas por las instituciones formadoras cumplan con los criterios de calidad y pertinencia en la formaci\u00f3n para el desarrollo profesional docente, de acuerdo con lo establecido en la Ley 20.903.<\/span><a class=\"botonIr\" href=\"https:\/\/caf.cpeip.cl\/index.php\/certificacion-de-acciones-formativas\/\">Ver m\u00e1s <i class=\"fas fa-arrow-right\"><\/i><\/a><\/li>\n<li id=\"menu-item-138\" class=\"menu-item menu-item-type-post_type menu-item-object-page menu-item-138\"><a href=\"https:\/\/caf.cpeip.cl\/index.php\/registro-de-mencion\/\">Solicitud de Registro de Menci\u00f3n<\/a><span class=\"description\">Es el proceso mediante el cual las Universidades Acreditadas solicitan la inscripci\u00f3n en el Registro de Menci\u00f3n de los Post\u00edtulos que le dan derecho a los docentes al pago del BRP, de acuerdo a lo establecido en la Ley 20.158.<\/span><a class=\"botonIr\" href=\"https:\/\/caf.cpeip.cl\/index.php\/registro-de-mencion\/\">Ver m\u00e1s <i class=\"fas fa-arrow-right\"><\/i><\/a><\/li>\n<li id=\"menu-item-137\" class=\"menu-item menu-item-type-post_type menu-item-object-page menu-item-137\"><a href=\"https:\/\/caf.cpeip.cl\/index.php\/registro-publico\/\">Registro P\u00fablico<\/a><span class=\"description\">Le damos la bienvenida al Registro P\u00fablico de Acciones Formativas y Registro de Menci\u00f3n. En este sitio se encuentran todas las acciones formativas certificadas en calidad y pertinencia por el Ministerio de Educaci\u00f3n a trav\u00e9s del CPEIP y los Post\u00edtulos de Menci\u00f3n que dan derecho al pago del BRP.<\/span><a class=\"botonIr\" href=\"https:\/\/caf.cpeip.cl\/index.php\/registro-publico\/\">Ver m\u00e1s <i class=\"fas fa-arrow-right\"><\/i><\/a><\/li>\n<\/div>\n\n\n\n<h2 class=\"ps-3 has-text-color\" style=\"color:#034ab0\">Contenido destacado<\/h2>\n\n\n<ul class=\"wp-block-latest-posts__list pb-0 listaEntradasPesonalizada wp-block-latest-posts\"><li><div class=\"wp-block-latest-posts__featured-image aligncenter\"><a href=\"https:\/\/caf.cpeip.cl\/index.php\/2026\/03\/12\/libro-ii-congreso-internacional-de-buenas-practicas-con-foco-en-bienestar-docente\/\"><img width=\"428\" height=\"537\" src=\"https:\/\/caf.cpeip.cl\/wp-content\/uploads\/2026\/03\/image.png\" class=\"attachment-large size-large wp-post-image\" alt=\"\" loading=\"lazy\" style=\"max-width:512px;max-height:512px;\" srcset=\"https:\/\/caf.cpeip.cl\/wp-content\/uploads\/2026\/03\/image.png 428w, https:\/\/caf.cpeip.cl\/wp-content\/uploads\/2026\/03\/image-239x300.png 239w\" sizes=\"(max-width: 428px) 100vw, 428px\" \/><\/a><\/div><a href=\"https:\/\/caf.cpeip.cl\/index.php\/2026\/03\/12\/libro-ii-congreso-internacional-de-buenas-practicas-con-foco-en-bienestar-docente\/\">Libro II Congreso Internacional de Buenas Pr\u00e1cticas con foco en Bienestar Docente<\/a><div class=\"wp-block-latest-posts__post-excerpt\">El Centro de Perfeccionamiento, Experimentaci\u00f3n e Investigaciones Pedag\u00f3gicas (CPEIP) del Ministerio de Educaci\u00f3n y la Organizaci\u00f3n para los Estados Iberoamericanos para la Educaci\u00f3n, la Ciencia y la Cultura (OEI) Chile, realiz\u00f3 el&nbsp;II Congreso Internacional de Buenas Pr\u00e1cticas con foco en Bienestar Docente.&hellip;&nbsp;<a href=\"https:\/\/caf.cpeip.cl\/index.php\/2026\/03\/12\/libro-ii-congreso-internacional-de-buenas-practicas-con-foco-en-bienestar-docente\/\" class=\"\" rel=\"bookmark\">Read More &raquo;<span class=\"screen-reader-text\">Libro II Congreso Internacional de Buenas Pr\u00e1cticas con foco en Bienestar Docente<\/span><\/a><\/div><\/li>\n<li><div class=\"wp-block-latest-posts__featured-image aligncenter\"><a href=\"https:\/\/caf.cpeip.cl\/index.php\/2026\/03\/09\/orientaciones-de-la-formacion-continua-al-desarrollo-profesional-docente-y-directivo\/\"><img width=\"1024\" height=\"683\" src=\"https:\/\/caf.cpeip.cl\/wp-content\/uploads\/2026\/03\/DSC00760-1024x683.jpg\" class=\"attachment-large size-large wp-post-image\" alt=\"\" loading=\"lazy\" style=\"max-width:512px;max-height:512px;\" srcset=\"https:\/\/caf.cpeip.cl\/wp-content\/uploads\/2026\/03\/DSC00760-1024x683.jpg 1024w, https:\/\/caf.cpeip.cl\/wp-content\/uploads\/2026\/03\/DSC00760-300x200.jpg 300w, https:\/\/caf.cpeip.cl\/wp-content\/uploads\/2026\/03\/DSC00760-768x512.jpg 768w, https:\/\/caf.cpeip.cl\/wp-content\/uploads\/2026\/03\/DSC00760-1536x1024.jpg 1536w, https:\/\/caf.cpeip.cl\/wp-content\/uploads\/2026\/03\/DSC00760-2048x1365.jpg 2048w, https:\/\/caf.cpeip.cl\/wp-content\/uploads\/2026\/03\/DSC00760-930x620.jpg 930w\" sizes=\"(max-width: 1024px) 100vw, 1024px\" \/><\/a><\/div><a href=\"https:\/\/caf.cpeip.cl\/index.php\/2026\/03\/09\/orientaciones-de-la-formacion-continua-al-desarrollo-profesional-docente-y-directivo\/\">Libro Orientaciones de la formaci\u00f3n Continua al Desarrollo Profesional docente y directivo<\/a><div class=\"wp-block-latest-posts__post-excerpt\">Libro Orientaciones de la formaci\u00f3n Continua<\/div><\/li>\n<li><div class=\"wp-block-latest-posts__featured-image aligncenter\"><a href=\"https:\/\/caf.cpeip.cl\/index.php\/2025\/01\/09\/3486\/\"><img width=\"1024\" height=\"682\" src=\"https:\/\/caf.cpeip.cl\/wp-content\/uploads\/2025\/01\/libro-1024x682.jpeg\" class=\"attachment-large size-large wp-post-image\" alt=\"\" loading=\"lazy\" style=\"max-width:512px;max-height:512px;\" srcset=\"https:\/\/caf.cpeip.cl\/wp-content\/uploads\/2025\/01\/libro-1024x682.jpeg 1024w, https:\/\/caf.cpeip.cl\/wp-content\/uploads\/2025\/01\/libro-300x200.jpeg 300w, https:\/\/caf.cpeip.cl\/wp-content\/uploads\/2025\/01\/libro-768x512.jpeg 768w, https:\/\/caf.cpeip.cl\/wp-content\/uploads\/2025\/01\/libro-1536x1023.jpeg 1536w, https:\/\/caf.cpeip.cl\/wp-content\/uploads\/2025\/01\/libro-930x620.jpeg 930w, https:\/\/caf.cpeip.cl\/wp-content\/uploads\/2025\/01\/libro.jpeg 1600w\" sizes=\"(max-width: 1024px) 100vw, 1024px\" \/><\/a><\/div><a href=\"https:\/\/caf.cpeip.cl\/index.php\/2025\/01\/09\/3486\/\">CPEIP y OEI Chile presentan libro<\/a><div class=\"wp-block-latest-posts__post-excerpt\">CPEIP y OEI Chile presentan libro sobre el primer Congreso Internacional de Buenas Pr\u00e1cticas para el Desarrollo Profesional Docente. El Primer Congreso de Buenas Pr\u00e1cticas para el Desarrollo Profesional Docente, se realiz\u00f3 en diciembre de 2023 en el CPEIP.\u00a0 23.10.2024 Con la&hellip;&nbsp;<a href=\"https:\/\/caf.cpeip.cl\/index.php\/2025\/01\/09\/3486\/\" class=\"\" rel=\"bookmark\">Read More &raquo;<span class=\"screen-reader-text\">CPEIP y OEI Chile presentan libro<\/span><\/a><\/div><\/li>\n<li><div class=\"wp-block-latest-posts__featured-image aligncenter\"><a href=\"https:\/\/caf.cpeip.cl\/index.php\/2025\/01\/07\/ii-congreso-internacional-de-buenas-practicas-con-foco-en-bienestar-docente\/\"><img width=\"1024\" height=\"599\" src=\"https:\/\/caf.cpeip.cl\/wp-content\/uploads\/2025\/01\/4-DSC03897-1024x599.jpg\" class=\"attachment-large size-large wp-post-image\" alt=\"\" loading=\"lazy\" style=\"max-width:512px;max-height:512px;\" srcset=\"https:\/\/caf.cpeip.cl\/wp-content\/uploads\/2025\/01\/4-DSC03897-1024x599.jpg 1024w, https:\/\/caf.cpeip.cl\/wp-content\/uploads\/2025\/01\/4-DSC03897-300x176.jpg 300w, https:\/\/caf.cpeip.cl\/wp-content\/uploads\/2025\/01\/4-DSC03897-768x450.jpg 768w, https:\/\/caf.cpeip.cl\/wp-content\/uploads\/2025\/01\/4-DSC03897-1536x899.jpg 1536w, https:\/\/caf.cpeip.cl\/wp-content\/uploads\/2025\/01\/4-DSC03897-2048x1199.jpg 2048w\" sizes=\"(max-width: 1024px) 100vw, 1024px\" \/><\/a><\/div><a href=\"https:\/\/caf.cpeip.cl\/index.php\/2025\/01\/07\/ii-congreso-internacional-de-buenas-practicas-con-foco-en-bienestar-docente\/\">II Congreso Internacional de Buenas Pr\u00e1cticas con foco en Bienestar Docente<\/a><div class=\"wp-block-latest-posts__post-excerpt\">II Congreso Internacional de Buenas Pr\u00e1cticas con foco en Bienestar Docente El Centro de Perfeccionamiento, Experimentaci\u00f3n e Investigaciones Pedag\u00f3gicas (CPEIP) del Ministerio de Educaci\u00f3n y la Organizaci\u00f3n para los Estados Iberoamericanos para la Educaci\u00f3n, la Ciencia y la Cultura (OEI) Chile, realiz\u00f3&hellip;&nbsp;<a href=\"https:\/\/caf.cpeip.cl\/index.php\/2025\/01\/07\/ii-congreso-internacional-de-buenas-practicas-con-foco-en-bienestar-docente\/\" class=\"\" rel=\"bookmark\">Read More &raquo;<span class=\"screen-reader-text\">II Congreso Internacional de Buenas Pr\u00e1cticas con foco en Bienestar Docente<\/span><\/a><\/div><\/li>\n<li><div class=\"wp-block-latest-posts__featured-image aligncenter\"><a href=\"https:\/\/caf.cpeip.cl\/index.php\/2025\/01\/06\/3452\/\"><img width=\"1024\" height=\"478\" src=\"https:\/\/caf.cpeip.cl\/wp-content\/uploads\/2025\/01\/WhatsApp-Image-2025-01-09-at-12.46.56-PM-5-1024x478.jpeg\" class=\"attachment-large size-large wp-post-image\" alt=\"\" loading=\"lazy\" style=\"max-width:512px;max-height:512px;\" srcset=\"https:\/\/caf.cpeip.cl\/wp-content\/uploads\/2025\/01\/WhatsApp-Image-2025-01-09-at-12.46.56-PM-5-1024x478.jpeg 1024w, https:\/\/caf.cpeip.cl\/wp-content\/uploads\/2025\/01\/WhatsApp-Image-2025-01-09-at-12.46.56-PM-5-300x140.jpeg 300w, https:\/\/caf.cpeip.cl\/wp-content\/uploads\/2025\/01\/WhatsApp-Image-2025-01-09-at-12.46.56-PM-5-768x359.jpeg 768w, https:\/\/caf.cpeip.cl\/wp-content\/uploads\/2025\/01\/WhatsApp-Image-2025-01-09-at-12.46.56-PM-5-1536x717.jpeg 1536w, https:\/\/caf.cpeip.cl\/wp-content\/uploads\/2025\/01\/WhatsApp-Image-2025-01-09-at-12.46.56-PM-5-2048x957.jpeg 2048w\" sizes=\"(max-width: 1024px) 100vw, 1024px\" \/><\/a><\/div><a href=\"https:\/\/caf.cpeip.cl\/index.php\/2025\/01\/06\/3452\/\">JORNADA CON EVALUADORES<\/a><div class=\"wp-block-latest-posts__post-excerpt\">JORNADA CON EVALUADORES El d\u00eda jueves 03 de diciembre del 2024, se realiz\u00f3 la segunda jornada con 70 evaluadores y evaluadoras para la Certificaci\u00f3n de Acciones Formativas. En este encuentro participaron profesionales de la Unidad de Curr\u00edculum y Evaluaci\u00f3n, de la Divisi\u00f3n&hellip;&nbsp;<a href=\"https:\/\/caf.cpeip.cl\/index.php\/2025\/01\/06\/3452\/\" class=\"\" rel=\"bookmark\">Read More &raquo;<span class=\"screen-reader-text\">JORNADA CON EVALUADORES<\/span><\/a><\/div><\/li>\n<\/ul>\n\n\n<div class=\"wp-container-69e642252bcd3 wp-block-buttons pb-3\">\n<div class=\"wp-block-button ver-mas-btn is-style-default\"><a class=\"wp-block-button__link has-text-color has-background\" href=\"https:\/\/caf.cpeip.cl\/index.php\/noticias\/\" style=\"border-radius:5px;background-color:#ffffff;color:#00589b\">Ir a Noticias<\/a><\/div>\n<\/div>\n\n\n\n<div class=\"wp-container-69e642252ce24 wp-block-group alignfull d-flex has-background\" style=\"background-color:#0063af\"><div class=\"wp-block-group__inner-container\">\n<div class=\"wp-block-columns container-top-footer-caf d-flex sin-margin-bottom\">\n<div class=\"wp-block-column left-panel-top-footer-caf\">\n<div class=\"left-panel-top-footer-caf\">\n<h2 id=\"comunicate-con-nosotros\" class=\"has-nv-site-bg-color has-text-color\"><strong>Comun\u00edcate con nosotros<\/strong><\/h2>\n<h4 id=\"redes-sociales\" class=\"footer-title has-text-color\">REDES SOCIALES<\/h4>\n<div class=\"contenedorRedesSociales\">\n<div><a href=\"https:\/\/www.instagram.com\/cpeip_mineduc\/\" target=\"_blank\" rel=\"noopener\"><i class=\"fab fa-instagram\"><\/i><span class=\"span-comunicate\">@cpeip_mineduc<\/span><\/a><\/div>\n<div><a href=\"https:\/\/www.facebook.com\/CPEIP\/\" target=\"_blank\" rel=\"noopener\"><i class=\"fab fa-facebook-f\"><\/i><span class=\"span-comunicate\">@CPEIP<\/span><\/a><\/div>\n<div><a href=\"https:\/\/www.youtube.com\/CPEIP_mineduc\" target=\"_blank\" rel=\"noopener\"><i class=\"fab fa-youtube\"><\/i><span class=\"span-comunicate\">@CPEIP_mineduc<\/span><\/a><\/div>\n<div><a href=\"https:\/\/twitter.com\/CPEIP_mineduc\" target=\"_blank\" rel=\"noopener\"><i class=\"fab fa-twitter\"><\/i><span class=\"span-comunicate\">@CPEIP_mineduc<\/span><\/a><\/div>\n<\/div>\n<h4 id=\"direccion\" class=\"footer-title has-text-color\">DIRECCI\u00d3N<\/h4>\n<div class=\"contenedorRedesSociales direccion-div\">\n<div>\n<div class=\"container-icon\"><i class=\"fas fa-location-arrow\"><\/i><\/div>\n<p><span class=\"span-comunicate-direccion\">Camino Nido de \u00c1guilas 14557, Lo Barnechea, Santiago<\/span><\/p><\/div>\n<\/div>\n<\/div>\n<\/div>\n\n\n\n<div class=\"wp-block-column right-panel-top-footer-caf ml-4\">\n<p><iframe loading=\"lazy\" style=\"border: 0;\" src=\"https:\/\/www.google.com\/maps\/embed?pb=!1m14!1m8!1m3!1d6665.702326835449!2d-70.503908!3d-33.348838!3m2!1i1024!2i768!4f13.1!3m3!1m2!1s0x0%3A0xa57ca9f6c49f61ea!2sCentro%20de%20Perfeccionamiento%20Experi%20E%20Inv!5e0!3m2!1ses-419!2scl!4v1654015992704!5m2!1ses-419!2scl\" width=\"600\" height=\"450\" allowfullscreen=\"allowfullscreen\"><\/iframe><\/p>\n<\/div>\n<\/div>\n<\/div><\/div>\n","protected":false},"excerpt":{"rendered":"<p>Contenido destacado Comun\u00edcate con nosotros REDES SOCIALES @cpeip_mineduc @CPEIP @CPEIP_mineduc @CPEIP_mineduc DIRECCI\u00d3N Camino Nido de \u00c1guilas 14557, Lo Barnechea, Santiago<\/p>\n","protected":false},"author":1,"featured_media":412,"parent":0,"menu_order":0,"comment_status":"closed","ping_status":"closed","template":"","meta":{"neve_meta_sidebar":"","neve_meta_container":"","neve_meta_enable_content_width":"","neve_meta_content_width":0,"neve_meta_title_alignment":"","neve_meta_author_avatar":"","neve_post_elements_order":"","neve_meta_disable_header":"","neve_meta_disable_footer":"","neve_meta_disable_title":""},"acf":[],"yoast_head":"<!-- This site is optimized with the Yoast SEO plugin v18.1 - https:\/\/yoast.com\/wordpress\/plugins\/seo\/ -->\n<title>Bienvenido\/a al Sistema de Registro y Certificaci\u00f3n de Acciones Formativas - Gesti\u00f3n de Acciones Formativas<\/title>\n<meta name=\"robots\" content=\"index, follow, max-snippet:-1, max-image-preview:large, max-video-preview:-1\" \/>\n<link rel=\"canonical\" href=\"https:\/\/caf.cpeip.cl\/\" \/>\n<meta property=\"og:locale\" content=\"es_ES\" \/>\n<meta property=\"og:type\" content=\"article\" \/>\n<meta property=\"og:title\" content=\"Bienvenido\/a al Sistema de Registro y Certificaci\u00f3n de Acciones Formativas - Gesti\u00f3n de Acciones Formativas\" \/>\n<meta property=\"og:description\" content=\"Contenido destacado Comun\u00edcate con nosotros REDES SOCIALES @cpeip_mineduc @CPEIP @CPEIP_mineduc @CPEIP_mineduc DIRECCI\u00d3N Camino Nido de \u00c1guilas 14557, Lo Barnechea, Santiago\" \/>\n<meta property=\"og:url\" content=\"https:\/\/caf.cpeip.cl\/\" \/>\n<meta property=\"og:site_name\" content=\"Gesti\u00f3n de Acciones Formativas\" \/>\n<meta property=\"article:modified_time\" content=\"2022-06-29T21:10:34+00:00\" \/>\n<meta property=\"og:image\" content=\"https:\/\/caf.cpeip.cl\/wp-content\/uploads\/2022\/01\/home.jpg\" \/>\n\t<meta property=\"og:image:width\" content=\"2000\" \/>\n\t<meta property=\"og:image:height\" content=\"1333\" \/>\n\t<meta property=\"og:image:type\" content=\"image\/jpeg\" \/>\n<meta name=\"twitter:card\" content=\"summary_large_image\" \/>\n<meta name=\"twitter:label1\" content=\"Est. reading time\" \/>\n\t<meta name=\"twitter:data1\" content=\"1 minuto\" \/>\n<script type=\"application\/ld+json\" class=\"yoast-schema-graph\">{\"@context\":\"https:\/\/schema.org\",\"@graph\":[{\"@type\":\"WebSite\",\"@id\":\"https:\/\/caf.cpeip.cl\/#website\",\"url\":\"https:\/\/caf.cpeip.cl\/\",\"name\":\"Gesti\u00f3n de Acciones Formativas\",\"description\":\"Centro de Perfeccionamiento, Experimentaci\u00f3n e Investigaci\u00f3nes Pedag\u00f3gicas - CPEIP &lt;b&gt;Ministerio de Educaci\u00f3n&lt;\/b&gt;\",\"potentialAction\":[{\"@type\":\"SearchAction\",\"target\":{\"@type\":\"EntryPoint\",\"urlTemplate\":\"https:\/\/caf.cpeip.cl\/?s={search_term_string}\"},\"query-input\":\"required name=search_term_string\"}],\"inLanguage\":\"es-CL\"},{\"@type\":\"ImageObject\",\"@id\":\"https:\/\/caf.cpeip.cl\/#primaryimage\",\"inLanguage\":\"es-CL\",\"url\":\"https:\/\/caf.cpeip.cl\/wp-content\/uploads\/2022\/01\/home.jpg\",\"contentUrl\":\"https:\/\/caf.cpeip.cl\/wp-content\/uploads\/2022\/01\/home.jpg\",\"width\":2000,\"height\":1333},{\"@type\":\"WebPage\",\"@id\":\"https:\/\/caf.cpeip.cl\/#webpage\",\"url\":\"https:\/\/caf.cpeip.cl\/\",\"name\":\"Bienvenido\/a al Sistema de Registro y Certificaci\u00f3n de Acciones Formativas - Gesti\u00f3n de Acciones Formativas\",\"isPartOf\":{\"@id\":\"https:\/\/caf.cpeip.cl\/#website\"},\"primaryImageOfPage\":{\"@id\":\"https:\/\/caf.cpeip.cl\/#primaryimage\"},\"datePublished\":\"2021-11-17T13:14:52+00:00\",\"dateModified\":\"2022-06-29T21:10:34+00:00\",\"breadcrumb\":{\"@id\":\"https:\/\/caf.cpeip.cl\/#breadcrumb\"},\"inLanguage\":\"es-CL\",\"potentialAction\":[{\"@type\":\"ReadAction\",\"target\":[\"https:\/\/caf.cpeip.cl\/\"]}]},{\"@type\":\"BreadcrumbList\",\"@id\":\"https:\/\/caf.cpeip.cl\/#breadcrumb\",\"itemListElement\":[{\"@type\":\"ListItem\",\"position\":1,\"name\":\"Bienvenido\/a al Sistema de Registro y Certificaci\u00f3n de Acciones Formativas\"}]}]}<\/script>\n<!-- \/ Yoast SEO plugin. -->","yoast_head_json":{"title":"Bienvenido\/a al Sistema de Registro y Certificaci\u00f3n de Acciones Formativas - Gesti\u00f3n de Acciones Formativas","robots":{"index":"index","follow":"follow","max-snippet":"max-snippet:-1","max-image-preview":"max-image-preview:large","max-video-preview":"max-video-preview:-1"},"canonical":"https:\/\/caf.cpeip.cl\/","og_locale":"es_ES","og_type":"article","og_title":"Bienvenido\/a al Sistema de Registro y Certificaci\u00f3n de Acciones Formativas - Gesti\u00f3n de Acciones Formativas","og_description":"Contenido destacado Comun\u00edcate con nosotros REDES SOCIALES @cpeip_mineduc @CPEIP @CPEIP_mineduc @CPEIP_mineduc DIRECCI\u00d3N Camino Nido de \u00c1guilas 14557, Lo Barnechea, Santiago","og_url":"https:\/\/caf.cpeip.cl\/","og_site_name":"Gesti\u00f3n de Acciones Formativas","article_modified_time":"2022-06-29T21:10:34+00:00","og_image":[{"width":2000,"height":1333,"url":"https:\/\/caf.cpeip.cl\/wp-content\/uploads\/2022\/01\/home.jpg","type":"image\/jpeg"}],"twitter_card":"summary_large_image","twitter_misc":{"Est. reading time":"1 minuto"},"schema":{"@context":"https:\/\/schema.org","@graph":[{"@type":"WebSite","@id":"https:\/\/caf.cpeip.cl\/#website","url":"https:\/\/caf.cpeip.cl\/","name":"Gesti\u00f3n de Acciones Formativas","description":"Centro de Perfeccionamiento, Experimentaci\u00f3n e Investigaci\u00f3nes Pedag\u00f3gicas - CPEIP &lt;b&gt;Ministerio de Educaci\u00f3n&lt;\/b&gt;","potentialAction":[{"@type":"SearchAction","target":{"@type":"EntryPoint","urlTemplate":"https:\/\/caf.cpeip.cl\/?s={search_term_string}"},"query-input":"required name=search_term_string"}],"inLanguage":"es-CL"},{"@type":"ImageObject","@id":"https:\/\/caf.cpeip.cl\/#primaryimage","inLanguage":"es-CL","url":"https:\/\/caf.cpeip.cl\/wp-content\/uploads\/2022\/01\/home.jpg","contentUrl":"https:\/\/caf.cpeip.cl\/wp-content\/uploads\/2022\/01\/home.jpg","width":2000,"height":1333},{"@type":"WebPage","@id":"https:\/\/caf.cpeip.cl\/#webpage","url":"https:\/\/caf.cpeip.cl\/","name":"Bienvenido\/a al Sistema de Registro y Certificaci\u00f3n de Acciones Formativas - Gesti\u00f3n de Acciones Formativas","isPartOf":{"@id":"https:\/\/caf.cpeip.cl\/#website"},"primaryImageOfPage":{"@id":"https:\/\/caf.cpeip.cl\/#primaryimage"},"datePublished":"2021-11-17T13:14:52+00:00","dateModified":"2022-06-29T21:10:34+00:00","breadcrumb":{"@id":"https:\/\/caf.cpeip.cl\/#breadcrumb"},"inLanguage":"es-CL","potentialAction":[{"@type":"ReadAction","target":["https:\/\/caf.cpeip.cl\/"]}]},{"@type":"BreadcrumbList","@id":"https:\/\/caf.cpeip.cl\/#breadcrumb","itemListElement":[{"@type":"ListItem","position":1,"name":"Bienvenido\/a al Sistema de Registro y Certificaci\u00f3n de Acciones Formativas"}]}]}},"_links":{"self":[{"href":"https:\/\/caf.cpeip.cl\/index.php\/wp-json\/wp\/v2\/pages\/7"}],"collection":[{"href":"https:\/\/caf.cpeip.cl\/index.php\/wp-json\/wp\/v2\/pages"}],"about":[{"href":"https:\/\/caf.cpeip.cl\/index.php\/wp-json\/wp\/v2\/types\/page"}],"author":[{"embeddable":true,"href":"https:\/\/caf.cpeip.cl\/index.php\/wp-json\/wp\/v2\/users\/1"}],"replies":[{"embeddable":true,"href":"https:\/\/caf.cpeip.cl\/index.php\/wp-json\/wp\/v2\/comments?post=7"}],"version-history":[{"count":91,"href":"https:\/\/caf.cpeip.cl\/index.php\/wp-json\/wp\/v2\/pages\/7\/revisions"}],"predecessor-version":[{"id":2683,"href":"https:\/\/caf.cpeip.cl\/index.php\/wp-json\/wp\/v2\/pages\/7\/revisions\/2683"}],"wp:featuredmedia":[{"embeddable":true,"href":"https:\/\/caf.cpeip.cl\/index.php\/wp-json\/wp\/v2\/media\/412"}],"wp:attachment":[{"href":"https:\/\/caf.cpeip.cl\/index.php\/wp-json\/wp\/v2\/media?parent=7"}],"curies":[{"name":"wp","href":"https:\/\/api.w.org\/{rel}","templated":true}]}}