{"id":558,"date":"2022-01-12T20:56:05","date_gmt":"2022-01-12T20:56:05","guid":{"rendered":"https:\/\/caf.cpeip.cl\/?page_id=558"},"modified":"2022-06-29T21:23:47","modified_gmt":"2022-06-29T21:23:47","slug":"registro-publico-de-menciones","status":"publish","type":"page","link":"https:\/\/caf.cpeip.cl\/index.php\/registro-publico\/registro-publico-de-menciones\/","title":{"rendered":"Post\u00edtulo de Menci\u00f3n"},"content":{"rendered":"\n<p class=\"has-text-color\" style=\"color:#0f3857\"><strong>El Registro P\u00fablico de Post\u00edtulos de Menci\u00f3n, presenta el historial de todas las solicitudes que cumplieron con lo mandatado por la Ley N\u00b0 20158, que fueron aprobadas y ejecutadas.<\/strong><\/p>\n\n\n\n<p><\/p>\n\n\n<div role=\"form\" class=\"wpcf7\" id=\"wpcf7-f429-o1\" lang=\"es-ES\" dir=\"ltr\">\n<div class=\"screen-reader-response\"><p role=\"status\" aria-live=\"polite\" aria-atomic=\"true\"><\/p> <ul><\/ul><\/div>\n<form action=\"\/index.php\/wp-json\/wp\/v2\/pages\/558#wpcf7-f429-o1\" method=\"post\" class=\"wpcf7-form init\" novalidate=\"novalidate\" data-status=\"init\">\n<div style=\"display: none;\">\n<input type=\"hidden\" name=\"_wpcf7\" value=\"429\" \/>\n<input type=\"hidden\" name=\"_wpcf7_version\" value=\"5.6\" \/>\n<input type=\"hidden\" name=\"_wpcf7_locale\" value=\"es_ES\" \/>\n<input type=\"hidden\" name=\"_wpcf7_unit_tag\" value=\"wpcf7-f429-o1\" \/>\n<input type=\"hidden\" name=\"_wpcf7_container_post\" value=\"0\" \/>\n<input type=\"hidden\" name=\"_wpcf7_posted_data_hash\" value=\"\" \/>\n<\/div>\n<div class=\"container-form formAjaxCAF\" target=\"mencionesaccion\">\n<div class=\"left-panel-form\">\n<div class=\"container-registro-publico-input\">\n<div class=\"title-div-registro-publico\">\n          <span class=\"title-label-registro-publico\">Instituci\u00f3n:<\/span>\n        <\/div>\n<p>        <label><span class=\"wpcf7-form-control-wrap\" data-name=\"tipo-institucion\"><select name=\"tipo-institucion\" class=\"wpcf7-form-control wpcf7-select\" id=\"listauniversidades\" aria-invalid=\"false\"><option value=\"Seleccionar Instituci\u00f3n\">Seleccionar Instituci\u00f3n<\/option><\/select><\/span><\/label>\n      <\/div>\n<div class=\"container-registro-publico-input\">\n<div class=\"title-div-registro-publico\">\n          <span class=\"title-label-registro-publico\">A\u00f1o Menci\u00f3n:<\/span>\n        <\/div>\n<p>        <label><span class=\"wpcf7-form-control-wrap\" data-name=\"tipo-institucion\"><select name=\"tipo-institucion\" class=\"wpcf7-form-control wpcf7-select\" id=\"anno_postitulo\" aria-invalid=\"false\"><option value=\"Seleccionar un a\u00f1o\">Seleccionar un a\u00f1o<\/option><option value=\"2000\">2000<\/option><option value=\"2001\">2001<\/option><option value=\"2002\">2002<\/option><option value=\"2003\">2003<\/option><option value=\"2004\">2004<\/option><option value=\"2005\">2005<\/option><option value=\"2006\">2006<\/option><option value=\"2007\">2007<\/option><option value=\"2008\">2008<\/option><option value=\"2009\">2009<\/option><option value=\"2010\">2010<\/option><option value=\"2011\">2011<\/option><option value=\"2012\">2012<\/option><option value=\"2013\">2013<\/option><option value=\"2014\">2014<\/option><option value=\"2015\">2015<\/option><option value=\"2016\">2016<\/option><option value=\"2017\">2017<\/option><option value=\"2018\">2018<\/option><option value=\"2019\">2019<\/option><option value=\"2020\">2020<\/option><option value=\"2021\">2021<\/option><option value=\"2022\">2022<\/option><option value=\"2023\">2023<\/option><option value=\"2024\">2024<\/option><\/select><\/span><\/label>\n      <\/div>\n<\/div>\n<div class=\"right-panel-form\">\n<div class=\"container-registro-publico-input\">\n<div class=\"title-div-registro-publico\">\n        <span class=\"title-label-registro-publico\">Nombre de post\u00edtulo:<\/span>\n      <\/div>\n<p>      <label><span class=\"wpcf7-form-control-wrap\" data-name=\"classbusquedainput\"><input type=\"text\" name=\"classbusquedainput\" value=\"\" size=\"40\" class=\"wpcf7-form-control wpcf7-text\" id=\"s_busqueda\" aria-invalid=\"false\" \/><\/span><\/label>\n    <\/div>\n<div class=\"container-registro-publico-input\">\n<div class=\"title-div-registro-publico subsector\">\n          <span class=\"title-label-registro-publico\">Substector:<\/span>\n        <\/div>\n<p>        <label><span class=\"wpcf7-form-control-wrap\" data-name=\"tipo-institucion\"><select name=\"tipo-institucion\" class=\"wpcf7-form-control wpcf7-select\" id=\"listasubsectores\" aria-invalid=\"false\"><option value=\"Seleccionar Subsector\">Seleccionar Subsector<\/option><\/select><\/span><\/label><br \/>\n        <span class=\"wpcf7-form-control-wrap\" data-name=\"campo-oculto\"><input type=\"text\" name=\"campo-oculto\" value=\"\" size=\"40\" class=\"wpcf7-form-control wpcf7-text wpcf7-validates-as-required\" aria-required=\"true\" aria-invalid=\"false\" placeholder=\"Campo Oculto\" \/><\/span>\n      <\/div>\n<div class=\"buscar-btn\"><button type=\"submit\" class=\"btn-search-formative-actions\"><i class=\"fas fa-search\"><\/i><span class=\"btn-text\">Buscar Menciones<\/span><\/button><\/div>\n<\/div>\n<\/div>\n<div>\n<div class=\"contDescEx\"><span class=\"botnExportr descarga_excel disabled\" title=\"Realiza una busqueda para descargar.\"><span>Descargar Excel <\/span><i class=\"fas fa-arrow-down\"><\/i><\/span><\/div>\n<table id=\"tabla_response\">\n<thead>\n<tr>\n<td>Nombre<\/td>\n<td>A\u00f1o<\/td>\n<td>Universidad<\/td>\n<td>Subsector<\/td>\n<td>Sede<\/td>\n<td>Fecha Inicio<\/td>\n<td>Fecha T\u00e9rmino<\/td>\n<\/tr>\n<\/thead>\n<\/table>\n<\/div>\n<div class=\"wpcf7-response-output\" aria-hidden=\"true\"><\/div><\/form><\/div>\n","protected":false},"excerpt":{"rendered":"<p>El Registro P\u00fablico de Post\u00edtulos de Menci\u00f3n, presenta el historial de todas las solicitudes que cumplieron con lo mandatado por la Ley N\u00b0 20158, que fueron aprobadas y ejecutadas.<\/p>\n","protected":false},"author":2,"featured_media":694,"parent":114,"menu_order":2,"comment_status":"closed","ping_status":"closed","template":"paginas-registros.php","meta":{"neve_meta_sidebar":"right","neve_meta_container":"contained","neve_meta_enable_content_width":"","neve_meta_content_width":0,"neve_meta_title_alignment":"left","neve_meta_author_avatar":"","neve_post_elements_order":"","neve_meta_disable_header":"","neve_meta_disable_footer":"","neve_meta_disable_title":"off"},"acf":[],"yoast_head":"<!-- This site is optimized with the Yoast SEO plugin v18.1 - https:\/\/yoast.com\/wordpress\/plugins\/seo\/ -->\n<title>Post\u00edtulo de Menci\u00f3n - Gesti\u00f3n de Acciones Formativas<\/title>\n<meta name=\"robots\" content=\"index, follow, max-snippet:-1, max-image-preview:large, max-video-preview:-1\" \/>\n<link rel=\"canonical\" href=\"https:\/\/caf.cpeip.cl\/index.php\/registro-publico\/registro-publico-de-menciones\/\" \/>\n<meta property=\"og:locale\" content=\"es_ES\" \/>\n<meta property=\"og:type\" content=\"article\" \/>\n<meta property=\"og:title\" content=\"Post\u00edtulo de Menci\u00f3n - Gesti\u00f3n de Acciones Formativas\" \/>\n<meta property=\"og:description\" content=\"El Registro P\u00fablico de Post\u00edtulos de Menci\u00f3n, presenta el historial de todas las solicitudes que cumplieron con lo mandatado por la Ley N\u00b0 20158, que fueron aprobadas y ejecutadas.\" \/>\n<meta property=\"og:url\" content=\"https:\/\/caf.cpeip.cl\/index.php\/registro-publico\/registro-publico-de-menciones\/\" \/>\n<meta property=\"og:site_name\" content=\"Gesti\u00f3n de Acciones Formativas\" \/>\n<meta property=\"article:modified_time\" content=\"2022-06-29T21:23:47+00:00\" \/>\n<meta property=\"og:image\" content=\"https:\/\/caf.cpeip.cl\/wp-content\/uploads\/2022\/01\/registered.png\" \/>\n\t<meta property=\"og:image:width\" content=\"512\" \/>\n\t<meta property=\"og:image:height\" content=\"512\" \/>\n\t<meta property=\"og:image:type\" content=\"image\/png\" \/>\n<meta name=\"twitter:card\" content=\"summary_large_image\" \/>\n<meta name=\"twitter:label1\" content=\"Est. reading time\" \/>\n\t<meta name=\"twitter:data1\" content=\"1 minuto\" \/>\n<script type=\"application\/ld+json\" class=\"yoast-schema-graph\">{\"@context\":\"https:\/\/schema.org\",\"@graph\":[{\"@type\":\"WebSite\",\"@id\":\"https:\/\/caf.cpeip.cl\/#website\",\"url\":\"https:\/\/caf.cpeip.cl\/\",\"name\":\"Gesti\u00f3n de Acciones Formativas\",\"description\":\"Centro de Perfeccionamiento, Experimentaci\u00f3n e Investigaci\u00f3nes Pedag\u00f3gicas - CPEIP &lt;b&gt;Ministerio de Educaci\u00f3n&lt;\/b&gt;\",\"potentialAction\":[{\"@type\":\"SearchAction\",\"target\":{\"@type\":\"EntryPoint\",\"urlTemplate\":\"https:\/\/caf.cpeip.cl\/?s={search_term_string}\"},\"query-input\":\"required name=search_term_string\"}],\"inLanguage\":\"es-CL\"},{\"@type\":\"ImageObject\",\"@id\":\"https:\/\/caf.cpeip.cl\/index.php\/registro-publico\/registro-publico-de-menciones\/#primaryimage\",\"inLanguage\":\"es-CL\",\"url\":\"https:\/\/caf.cpeip.cl\/wp-content\/uploads\/2022\/01\/registered.png\",\"contentUrl\":\"https:\/\/caf.cpeip.cl\/wp-content\/uploads\/2022\/01\/registered.png\",\"width\":512,\"height\":512},{\"@type\":\"WebPage\",\"@id\":\"https:\/\/caf.cpeip.cl\/index.php\/registro-publico\/registro-publico-de-menciones\/#webpage\",\"url\":\"https:\/\/caf.cpeip.cl\/index.php\/registro-publico\/registro-publico-de-menciones\/\",\"name\":\"Post\u00edtulo de Menci\u00f3n - Gesti\u00f3n de Acciones Formativas\",\"isPartOf\":{\"@id\":\"https:\/\/caf.cpeip.cl\/#website\"},\"primaryImageOfPage\":{\"@id\":\"https:\/\/caf.cpeip.cl\/index.php\/registro-publico\/registro-publico-de-menciones\/#primaryimage\"},\"datePublished\":\"2022-01-12T20:56:05+00:00\",\"dateModified\":\"2022-06-29T21:23:47+00:00\",\"breadcrumb\":{\"@id\":\"https:\/\/caf.cpeip.cl\/index.php\/registro-publico\/registro-publico-de-menciones\/#breadcrumb\"},\"inLanguage\":\"es-CL\",\"potentialAction\":[{\"@type\":\"ReadAction\",\"target\":[\"https:\/\/caf.cpeip.cl\/index.php\/registro-publico\/registro-publico-de-menciones\/\"]}]},{\"@type\":\"BreadcrumbList\",\"@id\":\"https:\/\/caf.cpeip.cl\/index.php\/registro-publico\/registro-publico-de-menciones\/#breadcrumb\",\"itemListElement\":[{\"@type\":\"ListItem\",\"position\":1,\"name\":\"Registro P\u00fablico\",\"item\":\"https:\/\/caf.cpeip.cl\/index.php\/registro-publico\/\"},{\"@type\":\"ListItem\",\"position\":2,\"name\":\"Post\u00edtulo de Menci\u00f3n\"}]}]}<\/script>\n<!-- \/ Yoast SEO plugin. -->","yoast_head_json":{"title":"Post\u00edtulo de Menci\u00f3n - Gesti\u00f3n de Acciones Formativas","robots":{"index":"index","follow":"follow","max-snippet":"max-snippet:-1","max-image-preview":"max-image-preview:large","max-video-preview":"max-video-preview:-1"},"canonical":"https:\/\/caf.cpeip.cl\/index.php\/registro-publico\/registro-publico-de-menciones\/","og_locale":"es_ES","og_type":"article","og_title":"Post\u00edtulo de Menci\u00f3n - Gesti\u00f3n de Acciones Formativas","og_description":"El Registro P\u00fablico de Post\u00edtulos de Menci\u00f3n, presenta el historial de todas las solicitudes que cumplieron con lo mandatado por la Ley N\u00b0 20158, que fueron aprobadas y ejecutadas.","og_url":"https:\/\/caf.cpeip.cl\/index.php\/registro-publico\/registro-publico-de-menciones\/","og_site_name":"Gesti\u00f3n de Acciones Formativas","article_modified_time":"2022-06-29T21:23:47+00:00","og_image":[{"width":512,"height":512,"url":"https:\/\/caf.cpeip.cl\/wp-content\/uploads\/2022\/01\/registered.png","type":"image\/png"}],"twitter_card":"summary_large_image","twitter_misc":{"Est. reading time":"1 minuto"},"schema":{"@context":"https:\/\/schema.org","@graph":[{"@type":"WebSite","@id":"https:\/\/caf.cpeip.cl\/#website","url":"https:\/\/caf.cpeip.cl\/","name":"Gesti\u00f3n de Acciones Formativas","description":"Centro de Perfeccionamiento, Experimentaci\u00f3n e Investigaci\u00f3nes Pedag\u00f3gicas - CPEIP &lt;b&gt;Ministerio de Educaci\u00f3n&lt;\/b&gt;","potentialAction":[{"@type":"SearchAction","target":{"@type":"EntryPoint","urlTemplate":"https:\/\/caf.cpeip.cl\/?s={search_term_string}"},"query-input":"required name=search_term_string"}],"inLanguage":"es-CL"},{"@type":"ImageObject","@id":"https:\/\/caf.cpeip.cl\/index.php\/registro-publico\/registro-publico-de-menciones\/#primaryimage","inLanguage":"es-CL","url":"https:\/\/caf.cpeip.cl\/wp-content\/uploads\/2022\/01\/registered.png","contentUrl":"https:\/\/caf.cpeip.cl\/wp-content\/uploads\/2022\/01\/registered.png","width":512,"height":512},{"@type":"WebPage","@id":"https:\/\/caf.cpeip.cl\/index.php\/registro-publico\/registro-publico-de-menciones\/#webpage","url":"https:\/\/caf.cpeip.cl\/index.php\/registro-publico\/registro-publico-de-menciones\/","name":"Post\u00edtulo de Menci\u00f3n - Gesti\u00f3n de Acciones Formativas","isPartOf":{"@id":"https:\/\/caf.cpeip.cl\/#website"},"primaryImageOfPage":{"@id":"https:\/\/caf.cpeip.cl\/index.php\/registro-publico\/registro-publico-de-menciones\/#primaryimage"},"datePublished":"2022-01-12T20:56:05+00:00","dateModified":"2022-06-29T21:23:47+00:00","breadcrumb":{"@id":"https:\/\/caf.cpeip.cl\/index.php\/registro-publico\/registro-publico-de-menciones\/#breadcrumb"},"inLanguage":"es-CL","potentialAction":[{"@type":"ReadAction","target":["https:\/\/caf.cpeip.cl\/index.php\/registro-publico\/registro-publico-de-menciones\/"]}]},{"@type":"BreadcrumbList","@id":"https:\/\/caf.cpeip.cl\/index.php\/registro-publico\/registro-publico-de-menciones\/#breadcrumb","itemListElement":[{"@type":"ListItem","position":1,"name":"Registro P\u00fablico","item":"https:\/\/caf.cpeip.cl\/index.php\/registro-publico\/"},{"@type":"ListItem","position":2,"name":"Post\u00edtulo de Menci\u00f3n"}]}]}},"_links":{"self":[{"href":"https:\/\/caf.cpeip.cl\/index.php\/wp-json\/wp\/v2\/pages\/558"}],"collection":[{"href":"https:\/\/caf.cpeip.cl\/index.php\/wp-json\/wp\/v2\/pages"}],"about":[{"href":"https:\/\/caf.cpeip.cl\/index.php\/wp-json\/wp\/v2\/types\/page"}],"author":[{"embeddable":true,"href":"https:\/\/caf.cpeip.cl\/index.php\/wp-json\/wp\/v2\/users\/2"}],"replies":[{"embeddable":true,"href":"https:\/\/caf.cpeip.cl\/index.php\/wp-json\/wp\/v2\/comments?post=558"}],"version-history":[{"count":16,"href":"https:\/\/caf.cpeip.cl\/index.php\/wp-json\/wp\/v2\/pages\/558\/revisions"}],"predecessor-version":[{"id":2691,"href":"https:\/\/caf.cpeip.cl\/index.php\/wp-json\/wp\/v2\/pages\/558\/revisions\/2691"}],"up":[{"embeddable":true,"href":"https:\/\/caf.cpeip.cl\/index.php\/wp-json\/wp\/v2\/pages\/114"}],"wp:featuredmedia":[{"embeddable":true,"href":"https:\/\/caf.cpeip.cl\/index.php\/wp-json\/wp\/v2\/media\/694"}],"wp:attachment":[{"href":"https:\/\/caf.cpeip.cl\/index.php\/wp-json\/wp\/v2\/media?parent=558"}],"curies":[{"name":"wp","href":"https:\/\/api.w.org\/{rel}","templated":true}]}}