{"id":551,"date":"2022-01-12T19:12:02","date_gmt":"2022-01-12T19:12:02","guid":{"rendered":"https:\/\/caf.cpeip.cl\/?page_id=551"},"modified":"2022-06-29T21:23:25","modified_gmt":"2022-06-29T21:23:25","slug":"registro-publico-de-acciones-certificadas","status":"publish","type":"page","link":"https:\/\/caf.cpeip.cl\/index.php\/registro-publico\/registro-publico-de-acciones-certificadas\/","title":{"rendered":"Acciones Formativas Certificadas"},"content":{"rendered":"\n<p class=\"subtitle-text-certificacion has-text-color\" style=\"color:#2541a7\"><\/p>\n\n\n\n<p class=\"subtitle-text-certificacion has-text-color\" style=\"color:#0f3857\"><strong>En este sitio se encuentran todas las acciones formativas certificadas por el Ministerio de Educaci\u00f3n, a trav\u00e9s del CPEIP. <\/strong><\/p>\n\n\n\n<p class=\"has-text-color\" style=\"color:#0f3857\"><strong>La vigencia de la Certificaci\u00f3n es de 5 a\u00f1os, luego de cumplido ese tiempo se elimina del Registro P\u00fablico de Acciones Formativas Certificadas.<\/strong><\/p>\n\n\n\n<div class=\"wp-block-columns\"><\/div>\n\n\n\n<p><\/p>\n\n\n\n<p class=\"subtitle-text-certificacion has-text-color\" style=\"color:#373f55\"><\/p>\n\n\n<div role=\"form\" class=\"wpcf7\" id=\"wpcf7-f363-o1\" lang=\"es-ES\" dir=\"ltr\">\n<div class=\"screen-reader-response\"><p role=\"status\" aria-live=\"polite\" aria-atomic=\"true\"><\/p> <ul><\/ul><\/div>\n<form action=\"\/index.php\/wp-json\/wp\/v2\/pages\/551#wpcf7-f363-o1\" method=\"post\" class=\"wpcf7-form init\" novalidate=\"novalidate\" data-status=\"init\">\n<div style=\"display: none;\">\n<input type=\"hidden\" name=\"_wpcf7\" value=\"363\" \/>\n<input type=\"hidden\" name=\"_wpcf7_version\" value=\"5.6\" \/>\n<input type=\"hidden\" name=\"_wpcf7_locale\" value=\"es_ES\" \/>\n<input type=\"hidden\" name=\"_wpcf7_unit_tag\" value=\"wpcf7-f363-o1\" \/>\n<input type=\"hidden\" name=\"_wpcf7_container_post\" value=\"0\" \/>\n<input type=\"hidden\" name=\"_wpcf7_posted_data_hash\" value=\"\" \/>\n<\/div>\n<div class=\"container-form formAjaxCAF\" target=\"accionesformativasaccion\">\n<div class=\"left-panel-form\">\n<div class=\"container-registro-publico-input\">\n<div class=\"title-div-registro-publico\">\n          <span class=\"title-label-registro-publico\">Nombre:<\/span>\n        <\/div>\n<p>        <label><span class=\"wpcf7-form-control-wrap\" data-name=\"w-100\"><input type=\"text\" name=\"w-100\" value=\"\" size=\"40\" class=\"wpcf7-form-control wpcf7-text\" id=\"s_busqueda\" aria-invalid=\"false\" \/><\/span><\/label>\n      <\/div>\n<div class=\"container-registro-publico-input\">\n<div class=\"title-div-registro-publico\">\n          <span class=\"title-label-registro-publico\">Instituci\u00f3n:<\/span>\n        <\/div>\n<p>        <label><span class=\"wpcf7-form-control-wrap\" data-name=\"tipo-institucion\"><select name=\"tipo-institucion\" class=\"wpcf7-form-control wpcf7-select\" id=\"listauniversidades2\" aria-invalid=\"false\"><option value=\"Todas\">Todas<\/option><\/select><\/span><\/label>\n      <\/div>\n<div class=\"container-registro-publico-input\">\n<div class=\"title-div-registro-publico\">\n          <span class=\"title-label-registro-publico\">Fecha ejecuci\u00f3n:<\/span>\n        <\/div>\n<div class=\"row-dates\">\n<div class=\"left-date\">\n              <label><span class=\"wpcf7-form-control-wrap\" data-name=\"str-date\"><input type=\"date\" name=\"str-date\" value=\"\" class=\"wpcf7-form-control wpcf7-date wpcf7-validates-as-date\" id=\"str-date\" min=\"2008-01-01\" max=\"2024-12-31\" aria-invalid=\"false\" \/><\/span><\/label>\n            <\/div>\n<div class=\"text-dates-div\">\n                <span class=\"text-dates\">hasta<\/span>\n              <\/div>\n<div class=\"right-date\">\n              <label><span class=\"wpcf7-form-control-wrap\" data-name=\"end-date\"><input type=\"date\" name=\"end-date\" value=\"\" class=\"wpcf7-form-control wpcf7-date wpcf7-validates-as-date\" id=\"end-date\" min=\"2008-01-01\" max=\"2024-12-31\" aria-invalid=\"false\" \/><\/span><\/label>\n            <\/div>\n<\/div>\n<\/div>\n<\/div>\n<div class=\"right-panel-form\">\n<div class=\"container-registro-publico-input\">\n<div class=\"title-div-registro-publico\">\n          <span class=\"title-label-registro-publico\">Modalidad Ense\u00f1anza:<\/span>\n        <\/div>\n<p>        <label><span class=\"wpcf7-form-control-wrap\" data-name=\"tipo-modalidad\"><select name=\"tipo-modalidad\" class=\"wpcf7-form-control wpcf7-select\" id=\"lista_modalidades\" aria-invalid=\"false\"><option value=\"Todas\">Todas<\/option><\/select><\/span><\/label>\n      <\/div>\n<div class=\"container-registro-publico-input\">\n<div class=\"title-div-registro-publico\">\n          <span class=\"title-label-registro-publico\">Nivel educativo:<\/span>\n        <\/div>\n<p>        <label><span class=\"wpcf7-form-control-wrap\" data-name=\"tipo-nivel\"><select name=\"tipo-nivel\" class=\"wpcf7-form-control wpcf7-select\" id=\"listaniveles\" aria-invalid=\"false\"><option value=\"Todos\">Todos<\/option><option value=\"Educaci\u00f3n Parvularia\">Educaci\u00f3n Parvularia<\/option><option value=\"Educaci\u00f3n B\u00e1sica\">Educaci\u00f3n B\u00e1sica<\/option><option value=\"Educaci\u00f3n Media Humanista-Cient\u00edfica\">Educaci\u00f3n Media Humanista-Cient\u00edfica<\/option><option value=\"Especial o Diferencial\">Especial o Diferencial<\/option><option value=\"Educaci\u00f3n B\u00e1sica Adulto\">Educaci\u00f3n B\u00e1sica Adulto<\/option><option value=\"Educaci\u00f3n Media Adulto\">Educaci\u00f3n Media Adulto<\/option><option value=\"Educacion Media T\u00e9cnico-Profesional\">Educacion Media T\u00e9cnico-Profesional<\/option><option value=\"Educaci\u00f3n Media Art\u00edstica\">Educaci\u00f3n Media Art\u00edstica<\/option><\/select><\/span><\/label><br \/>\n        <span class=\"wpcf7-form-control-wrap\" data-name=\"campo-oculto\"><input type=\"text\" name=\"campo-oculto\" value=\"\" size=\"40\" class=\"wpcf7-form-control wpcf7-text wpcf7-validates-as-required\" aria-required=\"true\" aria-invalid=\"false\" placeholder=\"Campo Oculto\" \/><\/span>\n      <\/div>\n<div class=\"container-registro-publico-input\">\n<div class=\"title-div-registro-publico alcance-territorial-div\">\n          <span class=\"title-label-registro-publico\">Alcance Territorial (Regi\u00f3n):<\/span>\n        <\/div>\n<p>        <label><select name=\"tipo-region\" class=\"wpcf7-form-control wpcf7-select\" id=\"regionaf\" aria-invalid=\"false\"><br \/>\n    <option value=\"Todas\">Todas<\/option><br \/>\n    <option value=\"ric\">Regi\u00f3n de Arica y Parinacota<\/option><br \/>\n    <option value=\"arapac\">Regi\u00f3n de Tarapac\u00e1<\/option><br \/>\n    <option value=\"tofaga\">Regi\u00f3n de Antofagasta<\/option><br \/>\n    <option value=\"tacam\">Regi\u00f3n de Atacama<\/option><br \/>\n    <option value=\"oquimb\">Regi\u00f3n de Coquimbo<\/option><br \/>\n    <option value=\"lpara\">Regi\u00f3n de Valpara\u00edso<\/option><br \/>\n    <option value=\"iggi\">Regi\u00f3n del Libertador Gral. Bernardo O'Higgins<\/option><br \/>\n    <option value=\"aul\">Regi\u00f3n del Maule<\/option><br \/>\n    <option value=\"b\u00edo\">Regi\u00f3n del Biob\u00edo<\/option><br \/>\n    <option value=\"bl\">Regi\u00f3n de \u00d1uble<\/option><br \/>\n    <option value=\"aucan\">Regi\u00f3n de La Araucan\u00eda<\/option><br \/>\n    <option value=\"r\u00edo\">Regi\u00f3n de Los R\u00edos<\/option><br \/>\n    <option value=\"agos\">Regi\u00f3n de Los Lagos<\/option><br \/>\n    <option value=\"ys\">Regi\u00f3n Ays\u00e9n del Gral. Carlos Iba\u00f1ez del Campo<\/option><br \/>\n    <option value=\"gallan\">Regi\u00f3n de Magallanes y de la Ant\u00e1rtica Chilena<\/option><br \/>\n    <option value=\"ropolit\">Regi\u00f3n Metropolitana de Santiago<\/option><br \/>\n<\/select><\/label>\n      <\/div>\n<div class=\"enviar-btn\">\n        <button type=\"submit\" class=\"btn-search-formative-actions\"><i class=\"fas fa-search\"><\/i><span class=\"btn-text\">Buscar Acciones Formativas<\/span><br \/>\n        <\/button>\n    <\/div>\n<\/div>\n<\/div>\n<div>\n<div class=\"contDescEx\">\n<span class=\"botnExportr descarga_excel disabled\" title=\"Realiza una busqueda para descargar.\"><span>Descargar Acciones Formativas <\/span><i class=\"fas fa-arrow-down\"><\/i><\/span><br \/>\n<span class=\"botnExportr descarga_excel ejecuciones disabled\" title=\"Realiza una busqueda para descargar.\"><span>Descargar Ejecuciones <\/span><i class=\"fas fa-arrow-down\"><\/i><\/span>\n<\/div>\n<table id=\"tabla_response\">\n<thead>\n<tr>\n<td>N\u00b0<\/td>\n<td>Identificaci\u00f3n<\/td>\n<td>Nombre Acci\u00f3n Formativa<\/td>\n<td>Instituci\u00f3n<\/td>\n<td>Modalidad<\/td>\n<td style=\"display:none;\">Coordinador institucional<\/td>\n<td style=\"display:none;\">Modalidad<\/td>\n<td style=\"display:none;\">Rex certificaci\u00f3n<\/td>\n<td style=\"display:none;\">Rex modifica<\/td>\n<td style=\"display:none;\">Fecha inicio<\/td>\n<td style=\"display:none;\">Fecha termino<\/td>\n<td style=\"display:none;\">Nivel destinatario<\/td>\n<td style=\"display:none;\">Funci\u00f3n<\/td>\n<td>Ver<\/td>\n<\/tr>\n<\/thead>\n<\/table>\n<\/div>\n<div class=\"wpcf7-response-output\" aria-hidden=\"true\"><\/div><\/form><\/div>\n","protected":false},"excerpt":{"rendered":"<p>En este sitio se encuentran todas las acciones formativas certificadas por el Ministerio de Educaci\u00f3n, a trav\u00e9s del CPEIP. La vigencia de la Certificaci\u00f3n es de 5 a\u00f1os, luego de cumplido ese tiempo se elimina del Registro P\u00fablico de Acciones Formativas Certificadas.<\/p>\n","protected":false},"author":2,"featured_media":696,"parent":114,"menu_order":1,"comment_status":"closed","ping_status":"closed","template":"paginas-registros.php","meta":{"neve_meta_sidebar":"right","neve_meta_container":"contained","neve_meta_enable_content_width":"","neve_meta_content_width":0,"neve_meta_title_alignment":"left","neve_meta_author_avatar":"","neve_post_elements_order":"","neve_meta_disable_header":"","neve_meta_disable_footer":"","neve_meta_disable_title":"off"},"acf":[],"yoast_head":"<!-- This site is optimized with the Yoast SEO plugin v18.1 - https:\/\/yoast.com\/wordpress\/plugins\/seo\/ -->\n<title>Acciones Formativas Certificadas - Gesti\u00f3n de Acciones Formativas<\/title>\n<meta name=\"robots\" content=\"index, follow, max-snippet:-1, max-image-preview:large, max-video-preview:-1\" \/>\n<link rel=\"canonical\" href=\"https:\/\/caf.cpeip.cl\/index.php\/registro-publico\/registro-publico-de-acciones-certificadas\/\" \/>\n<meta property=\"og:locale\" content=\"es_ES\" \/>\n<meta property=\"og:type\" content=\"article\" \/>\n<meta property=\"og:title\" content=\"Acciones Formativas Certificadas - Gesti\u00f3n de Acciones Formativas\" \/>\n<meta property=\"og:description\" content=\"En este sitio se encuentran todas las acciones formativas certificadas por el Ministerio de Educaci\u00f3n, a trav\u00e9s del CPEIP. La vigencia de la Certificaci\u00f3n es de 5 a\u00f1os, luego de cumplido ese tiempo se elimina del Registro P\u00fablico de Acciones Formativas Certificadas.\" \/>\n<meta property=\"og:url\" content=\"https:\/\/caf.cpeip.cl\/index.php\/registro-publico\/registro-publico-de-acciones-certificadas\/\" \/>\n<meta property=\"og:site_name\" content=\"Gesti\u00f3n de Acciones Formativas\" \/>\n<meta property=\"article:modified_time\" content=\"2022-06-29T21:23:25+00:00\" \/>\n<meta property=\"og:image\" content=\"https:\/\/caf.cpeip.cl\/wp-content\/uploads\/2022\/01\/bookshelf.png\" \/>\n\t<meta property=\"og:image:width\" content=\"512\" \/>\n\t<meta property=\"og:image:height\" content=\"512\" \/>\n\t<meta property=\"og:image:type\" content=\"image\/png\" \/>\n<meta name=\"twitter:card\" content=\"summary_large_image\" \/>\n<meta name=\"twitter:label1\" content=\"Est. reading time\" \/>\n\t<meta name=\"twitter:data1\" content=\"1 minuto\" \/>\n<script type=\"application\/ld+json\" class=\"yoast-schema-graph\">{\"@context\":\"https:\/\/schema.org\",\"@graph\":[{\"@type\":\"WebSite\",\"@id\":\"https:\/\/caf.cpeip.cl\/#website\",\"url\":\"https:\/\/caf.cpeip.cl\/\",\"name\":\"Gesti\u00f3n de Acciones Formativas\",\"description\":\"Centro de Perfeccionamiento, Experimentaci\u00f3n e Investigaci\u00f3nes Pedag\u00f3gicas - CPEIP &lt;b&gt;Ministerio de Educaci\u00f3n&lt;\/b&gt;\",\"potentialAction\":[{\"@type\":\"SearchAction\",\"target\":{\"@type\":\"EntryPoint\",\"urlTemplate\":\"https:\/\/caf.cpeip.cl\/?s={search_term_string}\"},\"query-input\":\"required name=search_term_string\"}],\"inLanguage\":\"es-CL\"},{\"@type\":\"ImageObject\",\"@id\":\"https:\/\/caf.cpeip.cl\/index.php\/registro-publico\/registro-publico-de-acciones-certificadas\/#primaryimage\",\"inLanguage\":\"es-CL\",\"url\":\"https:\/\/caf.cpeip.cl\/wp-content\/uploads\/2022\/01\/bookshelf.png\",\"contentUrl\":\"https:\/\/caf.cpeip.cl\/wp-content\/uploads\/2022\/01\/bookshelf.png\",\"width\":512,\"height\":512},{\"@type\":\"WebPage\",\"@id\":\"https:\/\/caf.cpeip.cl\/index.php\/registro-publico\/registro-publico-de-acciones-certificadas\/#webpage\",\"url\":\"https:\/\/caf.cpeip.cl\/index.php\/registro-publico\/registro-publico-de-acciones-certificadas\/\",\"name\":\"Acciones Formativas Certificadas - Gesti\u00f3n de Acciones Formativas\",\"isPartOf\":{\"@id\":\"https:\/\/caf.cpeip.cl\/#website\"},\"primaryImageOfPage\":{\"@id\":\"https:\/\/caf.cpeip.cl\/index.php\/registro-publico\/registro-publico-de-acciones-certificadas\/#primaryimage\"},\"datePublished\":\"2022-01-12T19:12:02+00:00\",\"dateModified\":\"2022-06-29T21:23:25+00:00\",\"breadcrumb\":{\"@id\":\"https:\/\/caf.cpeip.cl\/index.php\/registro-publico\/registro-publico-de-acciones-certificadas\/#breadcrumb\"},\"inLanguage\":\"es-CL\",\"potentialAction\":[{\"@type\":\"ReadAction\",\"target\":[\"https:\/\/caf.cpeip.cl\/index.php\/registro-publico\/registro-publico-de-acciones-certificadas\/\"]}]},{\"@type\":\"BreadcrumbList\",\"@id\":\"https:\/\/caf.cpeip.cl\/index.php\/registro-publico\/registro-publico-de-acciones-certificadas\/#breadcrumb\",\"itemListElement\":[{\"@type\":\"ListItem\",\"position\":1,\"name\":\"Registro P\u00fablico\",\"item\":\"https:\/\/caf.cpeip.cl\/index.php\/registro-publico\/\"},{\"@type\":\"ListItem\",\"position\":2,\"name\":\"Acciones Formativas Certificadas\"}]}]}<\/script>\n<!-- \/ Yoast SEO plugin. -->","yoast_head_json":{"title":"Acciones Formativas Certificadas - Gesti\u00f3n de Acciones Formativas","robots":{"index":"index","follow":"follow","max-snippet":"max-snippet:-1","max-image-preview":"max-image-preview:large","max-video-preview":"max-video-preview:-1"},"canonical":"https:\/\/caf.cpeip.cl\/index.php\/registro-publico\/registro-publico-de-acciones-certificadas\/","og_locale":"es_ES","og_type":"article","og_title":"Acciones Formativas Certificadas - Gesti\u00f3n de Acciones Formativas","og_description":"En este sitio se encuentran todas las acciones formativas certificadas por el Ministerio de Educaci\u00f3n, a trav\u00e9s del CPEIP. La vigencia de la Certificaci\u00f3n es de 5 a\u00f1os, luego de cumplido ese tiempo se elimina del Registro P\u00fablico de Acciones Formativas Certificadas.","og_url":"https:\/\/caf.cpeip.cl\/index.php\/registro-publico\/registro-publico-de-acciones-certificadas\/","og_site_name":"Gesti\u00f3n de Acciones Formativas","article_modified_time":"2022-06-29T21:23:25+00:00","og_image":[{"width":512,"height":512,"url":"https:\/\/caf.cpeip.cl\/wp-content\/uploads\/2022\/01\/bookshelf.png","type":"image\/png"}],"twitter_card":"summary_large_image","twitter_misc":{"Est. reading time":"1 minuto"},"schema":{"@context":"https:\/\/schema.org","@graph":[{"@type":"WebSite","@id":"https:\/\/caf.cpeip.cl\/#website","url":"https:\/\/caf.cpeip.cl\/","name":"Gesti\u00f3n de Acciones Formativas","description":"Centro de Perfeccionamiento, Experimentaci\u00f3n e Investigaci\u00f3nes Pedag\u00f3gicas - CPEIP &lt;b&gt;Ministerio de Educaci\u00f3n&lt;\/b&gt;","potentialAction":[{"@type":"SearchAction","target":{"@type":"EntryPoint","urlTemplate":"https:\/\/caf.cpeip.cl\/?s={search_term_string}"},"query-input":"required name=search_term_string"}],"inLanguage":"es-CL"},{"@type":"ImageObject","@id":"https:\/\/caf.cpeip.cl\/index.php\/registro-publico\/registro-publico-de-acciones-certificadas\/#primaryimage","inLanguage":"es-CL","url":"https:\/\/caf.cpeip.cl\/wp-content\/uploads\/2022\/01\/bookshelf.png","contentUrl":"https:\/\/caf.cpeip.cl\/wp-content\/uploads\/2022\/01\/bookshelf.png","width":512,"height":512},{"@type":"WebPage","@id":"https:\/\/caf.cpeip.cl\/index.php\/registro-publico\/registro-publico-de-acciones-certificadas\/#webpage","url":"https:\/\/caf.cpeip.cl\/index.php\/registro-publico\/registro-publico-de-acciones-certificadas\/","name":"Acciones Formativas Certificadas - Gesti\u00f3n de Acciones Formativas","isPartOf":{"@id":"https:\/\/caf.cpeip.cl\/#website"},"primaryImageOfPage":{"@id":"https:\/\/caf.cpeip.cl\/index.php\/registro-publico\/registro-publico-de-acciones-certificadas\/#primaryimage"},"datePublished":"2022-01-12T19:12:02+00:00","dateModified":"2022-06-29T21:23:25+00:00","breadcrumb":{"@id":"https:\/\/caf.cpeip.cl\/index.php\/registro-publico\/registro-publico-de-acciones-certificadas\/#breadcrumb"},"inLanguage":"es-CL","potentialAction":[{"@type":"ReadAction","target":["https:\/\/caf.cpeip.cl\/index.php\/registro-publico\/registro-publico-de-acciones-certificadas\/"]}]},{"@type":"BreadcrumbList","@id":"https:\/\/caf.cpeip.cl\/index.php\/registro-publico\/registro-publico-de-acciones-certificadas\/#breadcrumb","itemListElement":[{"@type":"ListItem","position":1,"name":"Registro P\u00fablico","item":"https:\/\/caf.cpeip.cl\/index.php\/registro-publico\/"},{"@type":"ListItem","position":2,"name":"Acciones Formativas Certificadas"}]}]}},"_links":{"self":[{"href":"https:\/\/caf.cpeip.cl\/index.php\/wp-json\/wp\/v2\/pages\/551"}],"collection":[{"href":"https:\/\/caf.cpeip.cl\/index.php\/wp-json\/wp\/v2\/pages"}],"about":[{"href":"https:\/\/caf.cpeip.cl\/index.php\/wp-json\/wp\/v2\/types\/page"}],"author":[{"embeddable":true,"href":"https:\/\/caf.cpeip.cl\/index.php\/wp-json\/wp\/v2\/users\/2"}],"replies":[{"embeddable":true,"href":"https:\/\/caf.cpeip.cl\/index.php\/wp-json\/wp\/v2\/comments?post=551"}],"version-history":[{"count":22,"href":"https:\/\/caf.cpeip.cl\/index.php\/wp-json\/wp\/v2\/pages\/551\/revisions"}],"predecessor-version":[{"id":2690,"href":"https:\/\/caf.cpeip.cl\/index.php\/wp-json\/wp\/v2\/pages\/551\/revisions\/2690"}],"up":[{"embeddable":true,"href":"https:\/\/caf.cpeip.cl\/index.php\/wp-json\/wp\/v2\/pages\/114"}],"wp:featuredmedia":[{"embeddable":true,"href":"https:\/\/caf.cpeip.cl\/index.php\/wp-json\/wp\/v2\/media\/696"}],"wp:attachment":[{"href":"https:\/\/caf.cpeip.cl\/index.php\/wp-json\/wp\/v2\/media?parent=551"}],"curies":[{"name":"wp","href":"https:\/\/api.w.org\/{rel}","templated":true}]}}