{"id":2049,"date":"2022-05-27T19:22:37","date_gmt":"2022-05-27T19:22:37","guid":{"rendered":"https:\/\/caf.cpeip.cl\/?page_id=2049"},"modified":"2023-03-24T16:09:09","modified_gmt":"2023-03-24T19:09:09","slug":"documentos-orientadores-rm","status":"publish","type":"page","link":"https:\/\/caf.cpeip.cl\/index.php\/registro-de-mencion\/documentos-orientadores-rm\/","title":{"rendered":"Registro de Menci\u00f3n"},"content":{"rendered":"\n<div class=\"wp-block-columns\">\n<div class=\"wp-block-column\" style=\"flex-basis:100%\">\n<div class=\"wp-container-6a05b5a799184 wp-block-group rounded pt-4 has-background\" style=\"background-color:#e0f6f5\"><div class=\"wp-block-group__inner-container\">\n<div class=\"wp-block-columns rounded has-background\" style=\"background-color:#e0f6f5\">\n<div class=\"wp-block-column\">\n<div class=\"wp-block-caf-gutenberg-titulo-block description-div titulo-box titulo-undefined has-text-color\" style=\"color:#1a8d86\"><div class=\"description-title-div\"><div class=\"description-title\"><span class=\"description-title\">Documentos Normativos y Orientadores<\/span><\/div><\/div><div class=\"line-description\" style=\"background-color:#c8eceb;\"><\/div><\/div>\n\n\n\n<p class=\"has-text-color\" style=\"color:#373f55\">Los siguientes documentos pretenden orientar a las universidades,  en el proceso de solicitud de registro de un post\u00edtulo de menci\u00f3n, en Registro P\u00fablico de Menciones. Estos re\u00fanen los aspectos m\u00e1s relevantes del proceso y las particularidades seg\u00fan sea las caracter\u00edsticas de los profesionales de la educaci\u00f3n.<\/p>\n\n\n\n<div class=\"wp-block-caf-gutenberg-archivo-block boton-div boton-box boton-Descargar has-text-color\" style=\"color:#00a99d;border:3px solid #00a99d\"><div class=\"botoneraDesc\"><div class=\"description-title\"><h3 class=\"description-title\" style=\"color:#00a99d\">Ley 20.158<\/h3><a class=\"boton-boton boton text-capitalize\" href=\"\/wp-content\/uploads\/2023\/03\/Ley-20.158.pdf\" title=\"Descargar el documento\" download style=\"color:#00a99d;background-color:transparent;border:1px solid #00a99d\">Descargar<i class=\"fas fa-arrow-down\"><\/i><\/a><\/div><p>La Ley 20.158 del a\u00f1o 2006, establece diversos beneficios para los\/las profesionales de la Educaci\u00f3n. Uno de estos beneficios, que a\u00fan permanece vigente de acuerdo con la Ley 20.903, es el bono de reconocimiento profesional (BRP) al que pueden acceder los\/las docentes que tienen menci\u00f3n.<\/p><\/div><div class=\"botoneraDesc-caf-mobile\"><a class=\"botones-caf-mobile boton-boton boton\" href=\"\/wp-content\/uploads\/2023\/03\/Ley-20.158.pdf\" title=\"Descargar el documento\" download style=\"background-color:#00a99d\"><span class=\"title-botoneraDesc-caf-mobile\" style=\"color:#00a99d\">Ley 20.158<\/span><i class=\"fas fa-arrow-down\" style=\"color:#00a99d\"><\/i><\/a><p>La Ley 20.158 del a\u00f1o 2006, establece diversos beneficios para los\/las profesionales de la Educaci\u00f3n. Uno de estos beneficios, que a\u00fan permanece vigente de acuerdo con la Ley 20.903, es el bono de reconocimiento profesional (BRP) al que pueden acceder los\/las docentes que tienen menci\u00f3n.<\/p><\/div><\/div>\n\n\n\n<div class=\"wp-block-caf-gutenberg-archivo-block boton-div boton-box boton-Descargar has-text-color\" style=\"color:#00a99d;border:3px solid #00a99d\"><div class=\"botoneraDesc\"><div class=\"description-title\"><h3 class=\"description-title\" style=\"color:#00a99d\">Decreto 260<\/h3><a class=\"boton-boton boton text-capitalize\" href=\"\/wp-content\/uploads\/2023\/03\/Decreto_260.pdf\" title=\"Descargar el documento\" download style=\"color:#00a99d;background-color:transparent;border:1px solid #00a99d\">Descargar<i class=\"fas fa-arrow-down\"><\/i><\/a><\/div><p>En el presente decreto se identifican los subsectores o asignaturas que son reconocidas para el pago de BRP.<\/p><\/div><div class=\"botoneraDesc-caf-mobile\"><a class=\"botones-caf-mobile boton-boton boton\" href=\"\/wp-content\/uploads\/2023\/03\/Decreto_260.pdf\" title=\"Descargar el documento\" download style=\"background-color:#00a99d\"><span class=\"title-botoneraDesc-caf-mobile\" style=\"color:#00a99d\">Decreto 260<\/span><i class=\"fas fa-arrow-down\" style=\"color:#00a99d\"><\/i><\/a><p>En el presente decreto se identifican los subsectores o asignaturas que son reconocidas para el pago de BRP.<\/p><\/div><\/div>\n\n\n\n<div class=\"wp-block-caf-gutenberg-archivo-block boton-div boton-box boton-Descargar has-text-color\" style=\"color:#00a99d;border:3px solid #00a99d\"><div class=\"botoneraDesc\"><div class=\"description-title\"><h3 class=\"description-title\" style=\"color:#00a99d\">Orientaciones Registro de Menciones <\/h3><a class=\"boton-boton boton text-capitalize\" href=\"\/wp-content\/uploads\/2023\/03\/ORIENTACIONES-REGISTRO-DE-MENCIONES-14-06-2022-docx.pdf\" title=\"Descargar el documento\" download style=\"color:#00a99d;background-color:transparent;border:1px solid #00a99d\">Descargar<i class=\"fas fa-arrow-down\"><\/i><\/a><\/div><p>El presente documento est\u00e1 dirigido a las Universidad acreditadas que realizan post\u00edtulos de menci\u00f3n. En \u00e9l se explican los requisitos y procedimientos para registrar el curso en Registro de Menciones, lo que dar\u00e1 derecho a los\/las docentes a impetrar el pago del BRP.<\/p><\/div><div class=\"botoneraDesc-caf-mobile\"><a class=\"botones-caf-mobile boton-boton boton\" href=\"\/wp-content\/uploads\/2023\/03\/ORIENTACIONES-REGISTRO-DE-MENCIONES-14-06-2022-docx.pdf\" title=\"Descargar el documento\" download style=\"background-color:#00a99d\"><span class=\"title-botoneraDesc-caf-mobile\" style=\"color:#00a99d\">Orientaciones Registro de Menciones <\/span><i class=\"fas fa-arrow-down\" style=\"color:#00a99d\"><\/i><\/a><p>El presente documento est\u00e1 dirigido a las Universidad acreditadas que realizan post\u00edtulos de menci\u00f3n. En \u00e9l se explican los requisitos y procedimientos para registrar el curso en Registro de Menciones, lo que dar\u00e1 derecho a los\/las docentes a impetrar el pago del BRP.<\/p><\/div><\/div>\n<\/div>\n<\/div>\n<\/div><\/div>\n<\/div>\n<\/div>\n","protected":false},"excerpt":{"rendered":"<p>Los siguientes documentos pretenden orientar a las universidades, en el proceso de solicitud de registro de un post\u00edtulo de menci\u00f3n, en Registro P\u00fablico de Menciones. Estos re\u00fanen los aspectos m\u00e1s relevantes del proceso y las particularidades seg\u00fan sea las caracter\u00edsticas de los profesionales de la educaci\u00f3n.<\/p>\n","protected":false},"author":1,"featured_media":416,"parent":112,"menu_order":0,"comment_status":"closed","ping_status":"closed","template":"single-superior.php","meta":{"neve_meta_sidebar":"","neve_meta_container":"","neve_meta_enable_content_width":"","neve_meta_content_width":0,"neve_meta_title_alignment":"","neve_meta_author_avatar":"","neve_post_elements_order":"","neve_meta_disable_header":"","neve_meta_disable_footer":"","neve_meta_disable_title":""},"acf":[],"yoast_head":"<!-- This site is optimized with the Yoast SEO plugin v18.1 - https:\/\/yoast.com\/wordpress\/plugins\/seo\/ -->\n<title>Registro de Menci\u00f3n - Gesti\u00f3n de Acciones Formativas<\/title>\n<meta name=\"robots\" content=\"index, follow, max-snippet:-1, max-image-preview:large, max-video-preview:-1\" \/>\n<link rel=\"canonical\" href=\"https:\/\/caf.cpeip.cl\/index.php\/registro-de-mencion\/documentos-orientadores-rm\/\" \/>\n<meta property=\"og:locale\" content=\"es_ES\" \/>\n<meta property=\"og:type\" content=\"article\" \/>\n<meta property=\"og:title\" content=\"Registro de Menci\u00f3n - Gesti\u00f3n de Acciones Formativas\" \/>\n<meta property=\"og:description\" content=\"Los siguientes documentos pretenden orientar a las universidades, en el proceso de solicitud de registro de un post\u00edtulo de menci\u00f3n, en Registro P\u00fablico de Menciones. Estos re\u00fanen los aspectos m\u00e1s relevantes del proceso y las particularidades seg\u00fan sea las caracter\u00edsticas de los profesionales de la educaci\u00f3n.\" \/>\n<meta property=\"og:url\" content=\"https:\/\/caf.cpeip.cl\/index.php\/registro-de-mencion\/documentos-orientadores-rm\/\" \/>\n<meta property=\"og:site_name\" content=\"Gesti\u00f3n de Acciones Formativas\" \/>\n<meta property=\"article:modified_time\" content=\"2023-03-24T19:09:09+00:00\" \/>\n<meta property=\"og:image\" content=\"https:\/\/caf.cpeip.cl\/wp-content\/uploads\/2022\/01\/rm.jpg\" \/>\n\t<meta property=\"og:image:width\" content=\"2000\" \/>\n\t<meta property=\"og:image:height\" content=\"1333\" \/>\n\t<meta property=\"og:image:type\" content=\"image\/jpeg\" \/>\n<meta name=\"twitter:card\" content=\"summary_large_image\" \/>\n<meta name=\"twitter:label1\" content=\"Est. reading time\" \/>\n\t<meta name=\"twitter:data1\" content=\"2 minutos\" \/>\n<script type=\"application\/ld+json\" class=\"yoast-schema-graph\">{\"@context\":\"https:\/\/schema.org\",\"@graph\":[{\"@type\":\"WebSite\",\"@id\":\"https:\/\/caf.cpeip.cl\/#website\",\"url\":\"https:\/\/caf.cpeip.cl\/\",\"name\":\"Gesti\u00f3n de Acciones Formativas\",\"description\":\"Centro de Perfeccionamiento, Experimentaci\u00f3n e Investigaci\u00f3nes Pedag\u00f3gicas - CPEIP &lt;b&gt;Ministerio de Educaci\u00f3n&lt;\/b&gt;\",\"potentialAction\":[{\"@type\":\"SearchAction\",\"target\":{\"@type\":\"EntryPoint\",\"urlTemplate\":\"https:\/\/caf.cpeip.cl\/?s={search_term_string}\"},\"query-input\":\"required name=search_term_string\"}],\"inLanguage\":\"es-CL\"},{\"@type\":\"ImageObject\",\"@id\":\"https:\/\/caf.cpeip.cl\/index.php\/registro-de-mencion\/documentos-orientadores-rm\/#primaryimage\",\"inLanguage\":\"es-CL\",\"url\":\"https:\/\/caf.cpeip.cl\/wp-content\/uploads\/2022\/01\/rm.jpg\",\"contentUrl\":\"https:\/\/caf.cpeip.cl\/wp-content\/uploads\/2022\/01\/rm.jpg\",\"width\":2000,\"height\":1333},{\"@type\":\"WebPage\",\"@id\":\"https:\/\/caf.cpeip.cl\/index.php\/registro-de-mencion\/documentos-orientadores-rm\/#webpage\",\"url\":\"https:\/\/caf.cpeip.cl\/index.php\/registro-de-mencion\/documentos-orientadores-rm\/\",\"name\":\"Registro de Menci\u00f3n - Gesti\u00f3n de Acciones Formativas\",\"isPartOf\":{\"@id\":\"https:\/\/caf.cpeip.cl\/#website\"},\"primaryImageOfPage\":{\"@id\":\"https:\/\/caf.cpeip.cl\/index.php\/registro-de-mencion\/documentos-orientadores-rm\/#primaryimage\"},\"datePublished\":\"2022-05-27T19:22:37+00:00\",\"dateModified\":\"2023-03-24T19:09:09+00:00\",\"breadcrumb\":{\"@id\":\"https:\/\/caf.cpeip.cl\/index.php\/registro-de-mencion\/documentos-orientadores-rm\/#breadcrumb\"},\"inLanguage\":\"es-CL\",\"potentialAction\":[{\"@type\":\"ReadAction\",\"target\":[\"https:\/\/caf.cpeip.cl\/index.php\/registro-de-mencion\/documentos-orientadores-rm\/\"]}]},{\"@type\":\"BreadcrumbList\",\"@id\":\"https:\/\/caf.cpeip.cl\/index.php\/registro-de-mencion\/documentos-orientadores-rm\/#breadcrumb\",\"itemListElement\":[{\"@type\":\"ListItem\",\"position\":1,\"name\":\"Registro de Menci\u00f3n\",\"item\":\"https:\/\/caf.cpeip.cl\/index.php\/registro-de-mencion\/\"},{\"@type\":\"ListItem\",\"position\":2,\"name\":\"Registro de Menci\u00f3n\"}]}]}<\/script>\n<!-- \/ Yoast SEO plugin. -->","yoast_head_json":{"title":"Registro de Menci\u00f3n - Gesti\u00f3n de Acciones Formativas","robots":{"index":"index","follow":"follow","max-snippet":"max-snippet:-1","max-image-preview":"max-image-preview:large","max-video-preview":"max-video-preview:-1"},"canonical":"https:\/\/caf.cpeip.cl\/index.php\/registro-de-mencion\/documentos-orientadores-rm\/","og_locale":"es_ES","og_type":"article","og_title":"Registro de Menci\u00f3n - Gesti\u00f3n de Acciones Formativas","og_description":"Los siguientes documentos pretenden orientar a las universidades, en el proceso de solicitud de registro de un post\u00edtulo de menci\u00f3n, en Registro P\u00fablico de Menciones. Estos re\u00fanen los aspectos m\u00e1s relevantes del proceso y las particularidades seg\u00fan sea las caracter\u00edsticas de los profesionales de la educaci\u00f3n.","og_url":"https:\/\/caf.cpeip.cl\/index.php\/registro-de-mencion\/documentos-orientadores-rm\/","og_site_name":"Gesti\u00f3n de Acciones Formativas","article_modified_time":"2023-03-24T19:09:09+00:00","og_image":[{"width":2000,"height":1333,"url":"https:\/\/caf.cpeip.cl\/wp-content\/uploads\/2022\/01\/rm.jpg","type":"image\/jpeg"}],"twitter_card":"summary_large_image","twitter_misc":{"Est. reading time":"2 minutos"},"schema":{"@context":"https:\/\/schema.org","@graph":[{"@type":"WebSite","@id":"https:\/\/caf.cpeip.cl\/#website","url":"https:\/\/caf.cpeip.cl\/","name":"Gesti\u00f3n de Acciones Formativas","description":"Centro de Perfeccionamiento, Experimentaci\u00f3n e Investigaci\u00f3nes Pedag\u00f3gicas - CPEIP &lt;b&gt;Ministerio de Educaci\u00f3n&lt;\/b&gt;","potentialAction":[{"@type":"SearchAction","target":{"@type":"EntryPoint","urlTemplate":"https:\/\/caf.cpeip.cl\/?s={search_term_string}"},"query-input":"required name=search_term_string"}],"inLanguage":"es-CL"},{"@type":"ImageObject","@id":"https:\/\/caf.cpeip.cl\/index.php\/registro-de-mencion\/documentos-orientadores-rm\/#primaryimage","inLanguage":"es-CL","url":"https:\/\/caf.cpeip.cl\/wp-content\/uploads\/2022\/01\/rm.jpg","contentUrl":"https:\/\/caf.cpeip.cl\/wp-content\/uploads\/2022\/01\/rm.jpg","width":2000,"height":1333},{"@type":"WebPage","@id":"https:\/\/caf.cpeip.cl\/index.php\/registro-de-mencion\/documentos-orientadores-rm\/#webpage","url":"https:\/\/caf.cpeip.cl\/index.php\/registro-de-mencion\/documentos-orientadores-rm\/","name":"Registro de Menci\u00f3n - Gesti\u00f3n de Acciones Formativas","isPartOf":{"@id":"https:\/\/caf.cpeip.cl\/#website"},"primaryImageOfPage":{"@id":"https:\/\/caf.cpeip.cl\/index.php\/registro-de-mencion\/documentos-orientadores-rm\/#primaryimage"},"datePublished":"2022-05-27T19:22:37+00:00","dateModified":"2023-03-24T19:09:09+00:00","breadcrumb":{"@id":"https:\/\/caf.cpeip.cl\/index.php\/registro-de-mencion\/documentos-orientadores-rm\/#breadcrumb"},"inLanguage":"es-CL","potentialAction":[{"@type":"ReadAction","target":["https:\/\/caf.cpeip.cl\/index.php\/registro-de-mencion\/documentos-orientadores-rm\/"]}]},{"@type":"BreadcrumbList","@id":"https:\/\/caf.cpeip.cl\/index.php\/registro-de-mencion\/documentos-orientadores-rm\/#breadcrumb","itemListElement":[{"@type":"ListItem","position":1,"name":"Registro de Menci\u00f3n","item":"https:\/\/caf.cpeip.cl\/index.php\/registro-de-mencion\/"},{"@type":"ListItem","position":2,"name":"Registro de Menci\u00f3n"}]}]}},"_links":{"self":[{"href":"https:\/\/caf.cpeip.cl\/index.php\/wp-json\/wp\/v2\/pages\/2049"}],"collection":[{"href":"https:\/\/caf.cpeip.cl\/index.php\/wp-json\/wp\/v2\/pages"}],"about":[{"href":"https:\/\/caf.cpeip.cl\/index.php\/wp-json\/wp\/v2\/types\/page"}],"author":[{"embeddable":true,"href":"https:\/\/caf.cpeip.cl\/index.php\/wp-json\/wp\/v2\/users\/1"}],"replies":[{"embeddable":true,"href":"https:\/\/caf.cpeip.cl\/index.php\/wp-json\/wp\/v2\/comments?post=2049"}],"version-history":[{"count":22,"href":"https:\/\/caf.cpeip.cl\/index.php\/wp-json\/wp\/v2\/pages\/2049\/revisions"}],"predecessor-version":[{"id":2899,"href":"https:\/\/caf.cpeip.cl\/index.php\/wp-json\/wp\/v2\/pages\/2049\/revisions\/2899"}],"up":[{"embeddable":true,"href":"https:\/\/caf.cpeip.cl\/index.php\/wp-json\/wp\/v2\/pages\/112"}],"wp:featuredmedia":[{"embeddable":true,"href":"https:\/\/caf.cpeip.cl\/index.php\/wp-json\/wp\/v2\/media\/416"}],"wp:attachment":[{"href":"https:\/\/caf.cpeip.cl\/index.php\/wp-json\/wp\/v2\/media?parent=2049"}],"curies":[{"name":"wp","href":"https:\/\/api.w.org\/{rel}","templated":true}]}}