{"id":1413,"date":"2022-02-18T14:30:30","date_gmt":"2022-02-18T14:30:30","guid":{"rendered":"https:\/\/caf.cpeip.cl\/?page_id=1413"},"modified":"2025-01-07T13:11:42","modified_gmt":"2025-01-07T16:11:42","slug":"noticias","status":"publish","type":"page","link":"https:\/\/caf.cpeip.cl\/index.php\/noticias\/","title":{"rendered":"Noticias"},"content":{"rendered":"\n<div class=\"wp-container-6a05ac0678156 wp-block-group rounded has-background\" style=\"background-color:#ecf4ff\"><div class=\"wp-block-group__inner-container\">\n<div class=\"wp-block-columns rounded has-background\" style=\"background-color:#ecf4ff\">\n<div class=\"wp-block-column\">\n<div class=\"wp-block-caf-gutenberg-noticias-block description-div titulo-box titulo-undefined\"><div class=\"filtro_noticias\"><div class=\"list-group\"><div class=\"list-group-item p-0 border-0\"><form class=\"d-flex\" action=\"#\" method=\"POST\" id=\"busquedaString\"><input class=\"form-control bg-light border-light border-0 text-secondary shadow-none m-0 border border-secondary rounded-start\" type=\"text\" name=\"filtroTexto\" id=\"inputTextoBusqueda\" placeholder=\"Escribe una palabra\"\/><input class=\"btnBusquedaHeader bg-secondary border-0 pe-3 text-light rounded-end\" type=\"submit\" value=\"Buscar\"\/><\/form><\/div><div class=\"list-group-item p-0 border-0\"><select class=\"selector_orden\"><option class=\"form-check-input me-1 campoFiltro\" type=\"checkbox\" value=\"0\">M\u00e1s recientes primero<\/option><option class=\"form-check-input me-1 campoFiltro\" type=\"checkbox\" value=\"1\">M\u00e1s antiguas primero<\/option><\/select><\/div><div class=\"list-group-item p-0 border-0\"><div class=\"filtro_colapsable\" data-bs-toggle=\"collapse\" data-bs-target=\"#colapsable_cat\" aria-expanded=\"true\" aria-controls=\"colapsable_cat\"><h4 class=\"textoFiltro\">Categor\u00eda<\/h4><\/div><div class=\"collapse\" id=\"colapsable_cat\"><div class=\"list-group\"><label class=\"list-group-item\"><input class=\"form-check-input me-1 campoFiltro\" type=\"checkbox\" data-tax=\"category\" value=\"24\">Certificaci\u00f3n de Acciones Formativas<\/label><label class=\"list-group-item\"><input class=\"form-check-input me-1 campoFiltro\" type=\"checkbox\" data-tax=\"category\" value=\"5\">Destacado<\/label><label class=\"list-group-item\"><input class=\"form-check-input me-1 campoFiltro\" type=\"checkbox\" data-tax=\"category\" value=\"23\">Registro de Menci\u00f3n<\/label><\/div><\/div><\/div><\/div><\/div><div id=\"response\" class=\"mx-0 row row-cols-1 row-cols-sm-2 row-cols-md-3 row-cols-lg-3\">No se encontraron noticias.<\/div><div id=\"loading\" class=\"mostrado\"><svg xmlns=\"http:\/\/www.w3.org\/2000\/svg\" class=\"mostrado\" style=\"margin:auto;background:transparent;display:block\" width=\"200px\" height=\"200px\" viewbox=\"0 0 100 100\" preserveaspectratio=\"xMidYMid\"><path d=\"M10 50A40 40 0 0 0 90 50A40 42 0 0 1 10 50\" fill=\"#e15b64\" stroke=\"none\"><animateTransform attributename=\"transform\" type=\"rotate\" dur=\"1s\" repeatcount=\"indefinite\" keytimes=\"0;1\" values=\"0 50 51;360 50 51\"><\/animateTransform><\/path><\/svg><\/div><div id=\"botonCargarMas\" class=\"px-1\"><div id=\"botonCargar\" class=\"btn btn-danger slide-in-fwd-bottom text-white ocultado\">Cargar m\u00e1s<\/div><div id=\"cargandoMas\" class=\"ocultado\"><svg xmlns=\"http:\/\/www.w3.org\/2000\/svg\" class=\"mostrado\" style=\"margin:auto;background:transparent;display:block\" width=\"200px\" height=\"200px\" viewbox=\"0 0 100 100\" preserveaspectratio=\"xMidYMid\"><path d=\"M10 50A40 40 0 0 0 90 50A40 42 0 0 1 10 50\" fill=\"#e15b64\" stroke=\"none\"><animateTransform attributename=\"transform\" type=\"rotate\" dur=\"1s\" repeatcount=\"indefinite\" keytimes=\"0;1\" values=\"0 50 51;360 50 51\"><\/animateTransform><\/path><\/svg><\/div><\/div><\/div>\n<\/div>\n<\/div>\n<\/div><\/div>\n","protected":false},"excerpt":{"rendered":"","protected":false},"author":1,"featured_media":412,"parent":0,"menu_order":0,"comment_status":"closed","ping_status":"closed","template":"","meta":{"neve_meta_sidebar":"","neve_meta_container":"","neve_meta_enable_content_width":"","neve_meta_content_width":0,"neve_meta_title_alignment":"","neve_meta_author_avatar":"","neve_post_elements_order":"","neve_meta_disable_header":"","neve_meta_disable_footer":"","neve_meta_disable_title":""},"acf":[],"yoast_head":"<!-- This site is optimized with the Yoast SEO plugin v18.1 - https:\/\/yoast.com\/wordpress\/plugins\/seo\/ -->\n<title>Noticias - Gesti\u00f3n de Acciones Formativas<\/title>\n<meta name=\"robots\" content=\"index, follow, max-snippet:-1, max-image-preview:large, max-video-preview:-1\" \/>\n<link rel=\"canonical\" href=\"https:\/\/caf.cpeip.cl\/index.php\/noticias\/\" \/>\n<meta property=\"og:locale\" content=\"es_ES\" \/>\n<meta property=\"og:type\" content=\"article\" \/>\n<meta property=\"og:title\" content=\"Noticias - Gesti\u00f3n de Acciones Formativas\" \/>\n<meta property=\"og:url\" content=\"https:\/\/caf.cpeip.cl\/index.php\/noticias\/\" \/>\n<meta property=\"og:site_name\" content=\"Gesti\u00f3n de Acciones Formativas\" \/>\n<meta property=\"article:modified_time\" content=\"2025-01-07T16:11:42+00:00\" \/>\n<meta property=\"og:image\" content=\"https:\/\/caf.cpeip.cl\/wp-content\/uploads\/2022\/01\/home.jpg\" \/>\n\t<meta property=\"og:image:width\" content=\"2000\" \/>\n\t<meta property=\"og:image:height\" content=\"1333\" \/>\n\t<meta property=\"og:image:type\" content=\"image\/jpeg\" \/>\n<meta name=\"twitter:card\" content=\"summary_large_image\" \/>\n<meta name=\"twitter:label1\" content=\"Est. reading time\" \/>\n\t<meta name=\"twitter:data1\" content=\"1 minuto\" \/>\n<script type=\"application\/ld+json\" class=\"yoast-schema-graph\">{\"@context\":\"https:\/\/schema.org\",\"@graph\":[{\"@type\":\"WebSite\",\"@id\":\"https:\/\/caf.cpeip.cl\/#website\",\"url\":\"https:\/\/caf.cpeip.cl\/\",\"name\":\"Gesti\u00f3n de Acciones Formativas\",\"description\":\"Centro de Perfeccionamiento, Experimentaci\u00f3n e Investigaci\u00f3nes Pedag\u00f3gicas - CPEIP &lt;b&gt;Ministerio de Educaci\u00f3n&lt;\/b&gt;\",\"potentialAction\":[{\"@type\":\"SearchAction\",\"target\":{\"@type\":\"EntryPoint\",\"urlTemplate\":\"https:\/\/caf.cpeip.cl\/?s={search_term_string}\"},\"query-input\":\"required name=search_term_string\"}],\"inLanguage\":\"es-CL\"},{\"@type\":\"ImageObject\",\"@id\":\"https:\/\/caf.cpeip.cl\/index.php\/noticias\/#primaryimage\",\"inLanguage\":\"es-CL\",\"url\":\"https:\/\/caf.cpeip.cl\/wp-content\/uploads\/2022\/01\/home.jpg\",\"contentUrl\":\"https:\/\/caf.cpeip.cl\/wp-content\/uploads\/2022\/01\/home.jpg\",\"width\":2000,\"height\":1333},{\"@type\":\"WebPage\",\"@id\":\"https:\/\/caf.cpeip.cl\/index.php\/noticias\/#webpage\",\"url\":\"https:\/\/caf.cpeip.cl\/index.php\/noticias\/\",\"name\":\"Noticias - Gesti\u00f3n de Acciones Formativas\",\"isPartOf\":{\"@id\":\"https:\/\/caf.cpeip.cl\/#website\"},\"primaryImageOfPage\":{\"@id\":\"https:\/\/caf.cpeip.cl\/index.php\/noticias\/#primaryimage\"},\"datePublished\":\"2022-02-18T14:30:30+00:00\",\"dateModified\":\"2025-01-07T16:11:42+00:00\",\"breadcrumb\":{\"@id\":\"https:\/\/caf.cpeip.cl\/index.php\/noticias\/#breadcrumb\"},\"inLanguage\":\"es-CL\",\"potentialAction\":[{\"@type\":\"ReadAction\",\"target\":[\"https:\/\/caf.cpeip.cl\/index.php\/noticias\/\"]}]},{\"@type\":\"BreadcrumbList\",\"@id\":\"https:\/\/caf.cpeip.cl\/index.php\/noticias\/#breadcrumb\",\"itemListElement\":[{\"@type\":\"ListItem\",\"position\":1,\"name\":\"Noticias\"}]}]}<\/script>\n<!-- \/ Yoast SEO plugin. -->","yoast_head_json":{"title":"Noticias - Gesti\u00f3n de Acciones Formativas","robots":{"index":"index","follow":"follow","max-snippet":"max-snippet:-1","max-image-preview":"max-image-preview:large","max-video-preview":"max-video-preview:-1"},"canonical":"https:\/\/caf.cpeip.cl\/index.php\/noticias\/","og_locale":"es_ES","og_type":"article","og_title":"Noticias - Gesti\u00f3n de Acciones Formativas","og_url":"https:\/\/caf.cpeip.cl\/index.php\/noticias\/","og_site_name":"Gesti\u00f3n de Acciones Formativas","article_modified_time":"2025-01-07T16:11:42+00:00","og_image":[{"width":2000,"height":1333,"url":"https:\/\/caf.cpeip.cl\/wp-content\/uploads\/2022\/01\/home.jpg","type":"image\/jpeg"}],"twitter_card":"summary_large_image","twitter_misc":{"Est. reading time":"1 minuto"},"schema":{"@context":"https:\/\/schema.org","@graph":[{"@type":"WebSite","@id":"https:\/\/caf.cpeip.cl\/#website","url":"https:\/\/caf.cpeip.cl\/","name":"Gesti\u00f3n de Acciones Formativas","description":"Centro de Perfeccionamiento, Experimentaci\u00f3n e Investigaci\u00f3nes Pedag\u00f3gicas - CPEIP &lt;b&gt;Ministerio de Educaci\u00f3n&lt;\/b&gt;","potentialAction":[{"@type":"SearchAction","target":{"@type":"EntryPoint","urlTemplate":"https:\/\/caf.cpeip.cl\/?s={search_term_string}"},"query-input":"required name=search_term_string"}],"inLanguage":"es-CL"},{"@type":"ImageObject","@id":"https:\/\/caf.cpeip.cl\/index.php\/noticias\/#primaryimage","inLanguage":"es-CL","url":"https:\/\/caf.cpeip.cl\/wp-content\/uploads\/2022\/01\/home.jpg","contentUrl":"https:\/\/caf.cpeip.cl\/wp-content\/uploads\/2022\/01\/home.jpg","width":2000,"height":1333},{"@type":"WebPage","@id":"https:\/\/caf.cpeip.cl\/index.php\/noticias\/#webpage","url":"https:\/\/caf.cpeip.cl\/index.php\/noticias\/","name":"Noticias - Gesti\u00f3n de Acciones Formativas","isPartOf":{"@id":"https:\/\/caf.cpeip.cl\/#website"},"primaryImageOfPage":{"@id":"https:\/\/caf.cpeip.cl\/index.php\/noticias\/#primaryimage"},"datePublished":"2022-02-18T14:30:30+00:00","dateModified":"2025-01-07T16:11:42+00:00","breadcrumb":{"@id":"https:\/\/caf.cpeip.cl\/index.php\/noticias\/#breadcrumb"},"inLanguage":"es-CL","potentialAction":[{"@type":"ReadAction","target":["https:\/\/caf.cpeip.cl\/index.php\/noticias\/"]}]},{"@type":"BreadcrumbList","@id":"https:\/\/caf.cpeip.cl\/index.php\/noticias\/#breadcrumb","itemListElement":[{"@type":"ListItem","position":1,"name":"Noticias"}]}]}},"_links":{"self":[{"href":"https:\/\/caf.cpeip.cl\/index.php\/wp-json\/wp\/v2\/pages\/1413"}],"collection":[{"href":"https:\/\/caf.cpeip.cl\/index.php\/wp-json\/wp\/v2\/pages"}],"about":[{"href":"https:\/\/caf.cpeip.cl\/index.php\/wp-json\/wp\/v2\/types\/page"}],"author":[{"embeddable":true,"href":"https:\/\/caf.cpeip.cl\/index.php\/wp-json\/wp\/v2\/users\/1"}],"replies":[{"embeddable":true,"href":"https:\/\/caf.cpeip.cl\/index.php\/wp-json\/wp\/v2\/comments?post=1413"}],"version-history":[{"count":31,"href":"https:\/\/caf.cpeip.cl\/index.php\/wp-json\/wp\/v2\/pages\/1413\/revisions"}],"predecessor-version":[{"id":3435,"href":"https:\/\/caf.cpeip.cl\/index.php\/wp-json\/wp\/v2\/pages\/1413\/revisions\/3435"}],"wp:featuredmedia":[{"embeddable":true,"href":"https:\/\/caf.cpeip.cl\/index.php\/wp-json\/wp\/v2\/media\/412"}],"wp:attachment":[{"href":"https:\/\/caf.cpeip.cl\/index.php\/wp-json\/wp\/v2\/media?parent=1413"}],"curies":[{"name":"wp","href":"https:\/\/api.w.org\/{rel}","templated":true}]}}