{"id":114,"date":"2021-12-02T19:33:52","date_gmt":"2021-12-02T19:33:52","guid":{"rendered":"https:\/\/caf.cpeip.cl\/?page_id=114"},"modified":"2022-06-22T20:20:27","modified_gmt":"2022-06-22T20:20:27","slug":"registro-publico","status":"publish","type":"page","link":"https:\/\/caf.cpeip.cl\/index.php\/registro-publico\/","title":{"rendered":"Registro P\u00fablico"},"content":{"rendered":"\n<div class=\"wp-container-69e3fb2041aa8 wp-block-group rounded mb-5 has-background\" style=\"background-color:#ecf8ff\"><div class=\"wp-block-group__inner-container\">\n<div class=\"wp-block-columns rounded has-background\" style=\"background-color:#ecf8ff\">\n<div class=\"wp-block-column rounded has-background\" style=\"background-color:#ecf8ff;flex-basis:100%\">\n<div class=\"wp-container-69e3fb20414a0 wp-block-group\"><div class=\"wp-block-group__inner-container\">\n<div class=\"wp-block-caf-gutenberg-titulo-block description-div titulo-box titulo-undefined has-text-color\" style=\"color:#0096f0\"><div class=\"description-title-div\"><div class=\"description-title\"><span class=\"description-title\">Descripci\u00f3n<\/span><\/div><\/div><div class=\"line-description\" style=\"background-color:#bfe5fb;\"><\/div><\/div>\n\n\n\n<p class=\"subtitle-text-certificacion has-text-color\" style=\"color:#373f55\">En este sitio se encuentran los <strong>Registros P\u00fablicos<\/strong> de Post\u00edtulos de Menci\u00f3n (Ley N\u00b0 20.158) y de Acciones Formativas Certificadas (Ley N\u00b020.903).<\/p>\n\n\n\n<p class=\"subtitle-text-certificacion has-text-color\" style=\"color:#373f55\">Ambos Registros tienen como prop\u00f3sito informar de manera transparente a los usuarios del sistema, aquellos procesos que han sido evaluados y aprobados por el Ministerio de Educaci\u00f3n.  <\/p>\n\n\n\n<p><\/p>\n\n\n\n<p class=\"subtitle-text-certificacion has-text-color\" style=\"color:#373f55\"><\/p>\n<\/div><\/div>\n<\/div>\n<\/div>\n<\/div><\/div>\n\n\n\n<h2 class=\"caf-title-caf-mobile has-text-color\" style=\"color:#0096f0\"><\/h2>\n\n\n\n<div class=\"wp-block-columns are-vertically-aligned-center lista_de_registros\">\n<div class=\"wp-block-column is-vertically-aligned-center rounded container-rp-mobile has-background\" style=\"background-color:#f6f6f6\">\n<figure class=\"wp-block-image size-full\"><img loading=\"lazy\" width=\"512\" height=\"512\" src=\"https:\/\/caf.cpeip.cl\/wp-content\/uploads\/2022\/01\/bookshelf.png\" alt=\"\" class=\"wp-image-696\" srcset=\"https:\/\/caf.cpeip.cl\/wp-content\/uploads\/2022\/01\/bookshelf.png 512w, https:\/\/caf.cpeip.cl\/wp-content\/uploads\/2022\/01\/bookshelf-300x300.png 300w, https:\/\/caf.cpeip.cl\/wp-content\/uploads\/2022\/01\/bookshelf-150x150.png 150w\" sizes=\"(max-width: 512px) 100vw, 512px\" \/><\/figure>\n\n\n\n<span class=\"block-img-txt-registro has-text-align-center has-text-color\" style=\"color:#0f3857\">Registro P\u00fablico de <br><strong>Acciones Certificadas<\/strong><\/span>\n\n\n\n<div class=\"wp-container-69e3fb20420cb wp-block-buttons\">\n<div class=\"wp-block-button has-custom-font-size btn-container-rp-mobile has-normal-font-size\"><a class=\"wp-block-button__link has-text-color has-background\" href=\"https:\/\/caf.cpeip.cl\/index.php\/registro-publico\/registro-publico-de-acciones-certificadas\/\" style=\"border-radius:5px;background-color:#007ec9;color:#ffffff\"><span class=\"acceder-btn\">Acceder<i class=\"fas fa-arrow-right\"><\/i><\/span><\/a><\/div>\n<\/div>\n<\/div>\n\n\n\n<div class=\"wp-block-column is-vertically-aligned-center rounded container-rp-mobile has-background\" style=\"background-color:#f6f6f6\">\n<figure class=\"wp-block-image size-full\"><img loading=\"lazy\" width=\"512\" height=\"512\" src=\"https:\/\/caf.cpeip.cl\/wp-content\/uploads\/2022\/01\/registered.png\" alt=\"\" class=\"wp-image-694\" srcset=\"https:\/\/caf.cpeip.cl\/wp-content\/uploads\/2022\/01\/registered.png 512w, https:\/\/caf.cpeip.cl\/wp-content\/uploads\/2022\/01\/registered-300x300.png 300w, https:\/\/caf.cpeip.cl\/wp-content\/uploads\/2022\/01\/registered-150x150.png 150w\" sizes=\"(max-width: 512px) 100vw, 512px\" \/><\/figure>\n\n\n\n<span class=\"block-img-txt-registro has-text-align-center has-text-color\" style=\"color:#0f3857\">Registro P\u00fablico de <br><strong>Menciones<\/strong><\/span>\n\n\n\n<div class=\"wp-container-69e3fb204265f wp-block-buttons\">\n<div class=\"wp-block-button has-custom-font-size btn-container-rp-mobile has-normal-font-size\"><a class=\"wp-block-button__link has-text-color has-background\" href=\"https:\/\/caf.cpeip.cl\/index.php\/registro-publico\/registro-publico-de-menciones\/\" style=\"border-radius:5px;background-color:#007ec9;color:#ffffff\"><span class=\"acceder-btn\">Acceder<i class=\"fas fa-arrow-right\"><\/i><\/span><\/a><\/div>\n<\/div>\n<\/div>\n\n\n\n<div class=\"wp-block-column is-vertically-aligned-center rounded container-rp-mobile d-none has-background\" style=\"background-color:#f6f6f6\">\n<figure class=\"wp-block-image size-full\"><img loading=\"lazy\" width=\"512\" height=\"512\" src=\"https:\/\/caf.cpeip.cl\/wp-content\/uploads\/2022\/01\/checklist.png\" alt=\"\" class=\"wp-image-695\" srcset=\"https:\/\/caf.cpeip.cl\/wp-content\/uploads\/2022\/01\/checklist.png 512w, https:\/\/caf.cpeip.cl\/wp-content\/uploads\/2022\/01\/checklist-300x300.png 300w, https:\/\/caf.cpeip.cl\/wp-content\/uploads\/2022\/01\/checklist-150x150.png 150w\" sizes=\"(max-width: 512px) 100vw, 512px\" \/><\/figure>\n\n\n\n<span class=\"block-img-txt-registro has-text-align-center has-text-color\" style=\"color:#0f3857\">Registro de <strong>Perfeccionamiento<\/strong><\/span>\n\n\n\n<div class=\"wp-container-69e3fb2042c16 wp-block-buttons\">\n<div class=\"wp-block-button has-custom-font-size btn-container-rp-mobile has-normal-font-size\"><a class=\"wp-block-button__link has-text-color has-background\" href=\"https:\/\/caf.cpeip.cl\/index.php\/registro-publico\/registro-publico-de-perfeccionamiento\/\" style=\"border-radius:5px;background-color:#007ec9;color:#ffffff\"><span class=\"acceder-btn\">Acceder<i class=\"fas fa-arrow-right\"><\/i><\/span><\/a><\/div>\n<\/div>\n<\/div>\n<\/div>\n\n\n\n<p><\/p>\n","protected":false},"excerpt":{"rendered":"<p>En este sitio se encuentran los Registros P\u00fablicos de Post\u00edtulos de Menci\u00f3n (Ley N\u00b0 20.158) y de Acciones Formativas Certificadas (Ley N\u00b020.903). Ambos Registros tienen como prop\u00f3sito informar de manera transparente a los usuarios del sistema, aquellos procesos que han sido evaluados y aprobados por el Ministerio de Educaci\u00f3n. Registro P\u00fablico de Acciones Certificadas Registro&hellip;&nbsp;<a href=\"https:\/\/caf.cpeip.cl\/index.php\/registro-publico\/\" class=\"\" rel=\"bookmark\">Read More &raquo;<span class=\"screen-reader-text\">Registro P\u00fablico<\/span><\/a><\/p>\n","protected":false},"author":1,"featured_media":417,"parent":0,"menu_order":0,"comment_status":"closed","ping_status":"closed","template":"","meta":{"neve_meta_sidebar":"","neve_meta_container":"","neve_meta_enable_content_width":"","neve_meta_content_width":0,"neve_meta_title_alignment":"","neve_meta_author_avatar":"","neve_post_elements_order":"","neve_meta_disable_header":"","neve_meta_disable_footer":"","neve_meta_disable_title":""},"acf":[],"yoast_head":"<!-- This site is optimized with the Yoast SEO plugin v18.1 - https:\/\/yoast.com\/wordpress\/plugins\/seo\/ -->\n<title>Registro P\u00fablico - Gesti\u00f3n de Acciones Formativas<\/title>\n<meta name=\"robots\" content=\"index, follow, max-snippet:-1, max-image-preview:large, max-video-preview:-1\" \/>\n<link rel=\"canonical\" href=\"https:\/\/caf.cpeip.cl\/index.php\/registro-publico\/\" \/>\n<meta property=\"og:locale\" content=\"es_ES\" \/>\n<meta property=\"og:type\" content=\"article\" \/>\n<meta property=\"og:title\" content=\"Registro P\u00fablico - Gesti\u00f3n de Acciones Formativas\" \/>\n<meta property=\"og:description\" content=\"En este sitio se encuentran los Registros P\u00fablicos de Post\u00edtulos de Menci\u00f3n (Ley N\u00b0 20.158) y de Acciones Formativas Certificadas (Ley N\u00b020.903). Ambos Registros tienen como prop\u00f3sito informar de manera transparente a los usuarios del sistema, aquellos procesos que han sido evaluados y aprobados por el Ministerio de Educaci\u00f3n. Registro P\u00fablico de Acciones Certificadas Registro&hellip;&nbsp;Read More &raquo;Registro P\u00fablico\" \/>\n<meta property=\"og:url\" content=\"https:\/\/caf.cpeip.cl\/index.php\/registro-publico\/\" \/>\n<meta property=\"og:site_name\" content=\"Gesti\u00f3n de Acciones Formativas\" \/>\n<meta property=\"article:modified_time\" content=\"2022-06-22T20:20:27+00:00\" \/>\n<meta property=\"og:image\" content=\"https:\/\/caf.cpeip.cl\/wp-content\/uploads\/2022\/01\/rp.jpg\" \/>\n\t<meta property=\"og:image:width\" content=\"2000\" \/>\n\t<meta property=\"og:image:height\" content=\"1333\" \/>\n\t<meta property=\"og:image:type\" content=\"image\/jpeg\" \/>\n<meta name=\"twitter:card\" content=\"summary_large_image\" \/>\n<meta name=\"twitter:label1\" content=\"Est. reading time\" \/>\n\t<meta name=\"twitter:data1\" content=\"1 minuto\" \/>\n<script type=\"application\/ld+json\" class=\"yoast-schema-graph\">{\"@context\":\"https:\/\/schema.org\",\"@graph\":[{\"@type\":\"WebSite\",\"@id\":\"https:\/\/caf.cpeip.cl\/#website\",\"url\":\"https:\/\/caf.cpeip.cl\/\",\"name\":\"Gesti\u00f3n de Acciones Formativas\",\"description\":\"Centro de Perfeccionamiento, Experimentaci\u00f3n e Investigaci\u00f3nes Pedag\u00f3gicas - CPEIP &lt;b&gt;Ministerio de Educaci\u00f3n&lt;\/b&gt;\",\"potentialAction\":[{\"@type\":\"SearchAction\",\"target\":{\"@type\":\"EntryPoint\",\"urlTemplate\":\"https:\/\/caf.cpeip.cl\/?s={search_term_string}\"},\"query-input\":\"required name=search_term_string\"}],\"inLanguage\":\"es-CL\"},{\"@type\":\"ImageObject\",\"@id\":\"https:\/\/caf.cpeip.cl\/index.php\/registro-publico\/#primaryimage\",\"inLanguage\":\"es-CL\",\"url\":\"https:\/\/caf.cpeip.cl\/wp-content\/uploads\/2022\/01\/rp.jpg\",\"contentUrl\":\"https:\/\/caf.cpeip.cl\/wp-content\/uploads\/2022\/01\/rp.jpg\",\"width\":2000,\"height\":1333},{\"@type\":\"WebPage\",\"@id\":\"https:\/\/caf.cpeip.cl\/index.php\/registro-publico\/#webpage\",\"url\":\"https:\/\/caf.cpeip.cl\/index.php\/registro-publico\/\",\"name\":\"Registro P\u00fablico - Gesti\u00f3n de Acciones Formativas\",\"isPartOf\":{\"@id\":\"https:\/\/caf.cpeip.cl\/#website\"},\"primaryImageOfPage\":{\"@id\":\"https:\/\/caf.cpeip.cl\/index.php\/registro-publico\/#primaryimage\"},\"datePublished\":\"2021-12-02T19:33:52+00:00\",\"dateModified\":\"2022-06-22T20:20:27+00:00\",\"breadcrumb\":{\"@id\":\"https:\/\/caf.cpeip.cl\/index.php\/registro-publico\/#breadcrumb\"},\"inLanguage\":\"es-CL\",\"potentialAction\":[{\"@type\":\"ReadAction\",\"target\":[\"https:\/\/caf.cpeip.cl\/index.php\/registro-publico\/\"]}]},{\"@type\":\"BreadcrumbList\",\"@id\":\"https:\/\/caf.cpeip.cl\/index.php\/registro-publico\/#breadcrumb\",\"itemListElement\":[{\"@type\":\"ListItem\",\"position\":1,\"name\":\"Registro P\u00fablico\"}]}]}<\/script>\n<!-- \/ Yoast SEO plugin. -->","yoast_head_json":{"title":"Registro P\u00fablico - Gesti\u00f3n de Acciones Formativas","robots":{"index":"index","follow":"follow","max-snippet":"max-snippet:-1","max-image-preview":"max-image-preview:large","max-video-preview":"max-video-preview:-1"},"canonical":"https:\/\/caf.cpeip.cl\/index.php\/registro-publico\/","og_locale":"es_ES","og_type":"article","og_title":"Registro P\u00fablico - Gesti\u00f3n de Acciones Formativas","og_description":"En este sitio se encuentran los Registros P\u00fablicos de Post\u00edtulos de Menci\u00f3n (Ley N\u00b0 20.158) y de Acciones Formativas Certificadas (Ley N\u00b020.903). Ambos Registros tienen como prop\u00f3sito informar de manera transparente a los usuarios del sistema, aquellos procesos que han sido evaluados y aprobados por el Ministerio de Educaci\u00f3n. Registro P\u00fablico de Acciones Certificadas Registro&hellip;&nbsp;Read More &raquo;Registro P\u00fablico","og_url":"https:\/\/caf.cpeip.cl\/index.php\/registro-publico\/","og_site_name":"Gesti\u00f3n de Acciones Formativas","article_modified_time":"2022-06-22T20:20:27+00:00","og_image":[{"width":2000,"height":1333,"url":"https:\/\/caf.cpeip.cl\/wp-content\/uploads\/2022\/01\/rp.jpg","type":"image\/jpeg"}],"twitter_card":"summary_large_image","twitter_misc":{"Est. reading time":"1 minuto"},"schema":{"@context":"https:\/\/schema.org","@graph":[{"@type":"WebSite","@id":"https:\/\/caf.cpeip.cl\/#website","url":"https:\/\/caf.cpeip.cl\/","name":"Gesti\u00f3n de Acciones Formativas","description":"Centro de Perfeccionamiento, Experimentaci\u00f3n e Investigaci\u00f3nes Pedag\u00f3gicas - CPEIP &lt;b&gt;Ministerio de Educaci\u00f3n&lt;\/b&gt;","potentialAction":[{"@type":"SearchAction","target":{"@type":"EntryPoint","urlTemplate":"https:\/\/caf.cpeip.cl\/?s={search_term_string}"},"query-input":"required name=search_term_string"}],"inLanguage":"es-CL"},{"@type":"ImageObject","@id":"https:\/\/caf.cpeip.cl\/index.php\/registro-publico\/#primaryimage","inLanguage":"es-CL","url":"https:\/\/caf.cpeip.cl\/wp-content\/uploads\/2022\/01\/rp.jpg","contentUrl":"https:\/\/caf.cpeip.cl\/wp-content\/uploads\/2022\/01\/rp.jpg","width":2000,"height":1333},{"@type":"WebPage","@id":"https:\/\/caf.cpeip.cl\/index.php\/registro-publico\/#webpage","url":"https:\/\/caf.cpeip.cl\/index.php\/registro-publico\/","name":"Registro P\u00fablico - Gesti\u00f3n de Acciones Formativas","isPartOf":{"@id":"https:\/\/caf.cpeip.cl\/#website"},"primaryImageOfPage":{"@id":"https:\/\/caf.cpeip.cl\/index.php\/registro-publico\/#primaryimage"},"datePublished":"2021-12-02T19:33:52+00:00","dateModified":"2022-06-22T20:20:27+00:00","breadcrumb":{"@id":"https:\/\/caf.cpeip.cl\/index.php\/registro-publico\/#breadcrumb"},"inLanguage":"es-CL","potentialAction":[{"@type":"ReadAction","target":["https:\/\/caf.cpeip.cl\/index.php\/registro-publico\/"]}]},{"@type":"BreadcrumbList","@id":"https:\/\/caf.cpeip.cl\/index.php\/registro-publico\/#breadcrumb","itemListElement":[{"@type":"ListItem","position":1,"name":"Registro P\u00fablico"}]}]}},"_links":{"self":[{"href":"https:\/\/caf.cpeip.cl\/index.php\/wp-json\/wp\/v2\/pages\/114"}],"collection":[{"href":"https:\/\/caf.cpeip.cl\/index.php\/wp-json\/wp\/v2\/pages"}],"about":[{"href":"https:\/\/caf.cpeip.cl\/index.php\/wp-json\/wp\/v2\/types\/page"}],"author":[{"embeddable":true,"href":"https:\/\/caf.cpeip.cl\/index.php\/wp-json\/wp\/v2\/users\/1"}],"replies":[{"embeddable":true,"href":"https:\/\/caf.cpeip.cl\/index.php\/wp-json\/wp\/v2\/comments?post=114"}],"version-history":[{"count":75,"href":"https:\/\/caf.cpeip.cl\/index.php\/wp-json\/wp\/v2\/pages\/114\/revisions"}],"predecessor-version":[{"id":2449,"href":"https:\/\/caf.cpeip.cl\/index.php\/wp-json\/wp\/v2\/pages\/114\/revisions\/2449"}],"wp:featuredmedia":[{"embeddable":true,"href":"https:\/\/caf.cpeip.cl\/index.php\/wp-json\/wp\/v2\/media\/417"}],"wp:attachment":[{"href":"https:\/\/caf.cpeip.cl\/index.php\/wp-json\/wp\/v2\/media?parent=114"}],"curies":[{"name":"wp","href":"https:\/\/api.w.org\/{rel}","templated":true}]}}